{"id":561,"date":"2025-06-10T18:32:04","date_gmt":"2025-06-10T16:32:04","guid":{"rendered":"https:\/\/grayandwhite.fr\/?post_type=product&#038;p=561"},"modified":"2026-01-30T17:03:07","modified_gmt":"2026-01-30T16:03:07","slug":"bodywarmer-femme-softshell","status":"publish","type":"product","link":"https:\/\/grayandwhite.fr\/en\/product\/bodywarmer-femme-softshell\/","title":{"rendered":"Women's softshell bodywarmer"},"content":{"rendered":"<p>Alliance de technicit\u00e9 et de style, cette softshell sans manche en trois couches s\u00e9duit par sa coupe moderne et fonctionnelle. Son ext\u00e9rieur en polyester recycl\u00e9 enrichi d\u2019\u00e9lasthanne offre souplesse et \u00e9l\u00e9gance, tandis que l\u2019int\u00e9rieur polaire procure une chaleur confortable. Une pi\u00e8ce polyvalente, pens\u00e9e pour accompagner aussi bien vos sorties urbaines que vos activit\u00e9s en plein air.<br \/>\nUn essentiel qui unit engagement durable et performance technique, sans compromis sur l\u2019\u00e9l\u00e9gance.<\/p>","protected":false},"excerpt":{"rendered":"<p>Veste softshell femme sans manche<\/p>","protected":false},"featured_media":2162,"template":"","meta":{"_acf_changed":false,"site-sidebar-layout":"default","site-content-layout":"","ast-site-content-layout":"default","site-content-style":"default","site-sidebar-style":"default","ast-global-header-display":"","ast-banner-title-visibility":"","ast-main-header-display":"","ast-hfb-above-header-display":"","ast-hfb-below-header-display":"","ast-hfb-mobile-header-display":"","site-post-title":"","ast-breadcrumbs-content":"","ast-featured-img":"","footer-sml-layout":"","ast-disable-related-posts":"","theme-transparent-header-meta":"default","adv-header-id-meta":"","stick-header-meta":"","header-above-stick-meta":"","header-main-stick-meta":"","header-below-stick-meta":"","astra-migrate-meta-layouts":"set","ast-page-background-enabled":"default","ast-page-background-meta":{"desktop":{"background-color":"var(--ast-global-color-5)","background-image":"","background-repeat":"repeat","background-position":"center center","background-size":"auto","background-attachment":"scroll","background-type":"","background-media":"","overlay-type":"","overlay-color":"","overlay-opacity":"","overlay-gradient":""},"tablet":{"background-color":"","background-image":"","background-repeat":"repeat","background-position":"center center","background-size":"auto","background-attachment":"scroll","background-type":"","background-media":"","overlay-type":"","overlay-color":"","overlay-opacity":"","overlay-gradient":""},"mobile":{"background-color":"","background-image":"","background-repeat":"repeat","background-position":"center center","background-size":"auto","background-attachment":"scroll","background-type":"","background-media":"","overlay-type":"","overlay-color":"","overlay-opacity":"","overlay-gradient":""}},"ast-content-background-meta":{"desktop":{"background-color":"var(--ast-global-color-4)","background-image":"","background-repeat":"repeat","background-position":"center center","background-size":"auto","background-attachment":"scroll","background-type":"","background-media":"","overlay-type":"","overlay-color":"","overlay-opacity":"","overlay-gradient":""},"tablet":{"background-color":"var(--ast-global-color-4)","background-image":"","background-repeat":"repeat","background-position":"center center","background-size":"auto","background-attachment":"scroll","background-type":"","background-media":"","overlay-type":"","overlay-color":"","overlay-opacity":"","overlay-gradient":""},"mobile":{"background-color":"var(--ast-global-color-4)","background-image":"","background-repeat":"repeat","background-position":"center center","background-size":"auto","background-attachment":"scroll","background-type":"","background-media":"","overlay-type":"","overlay-color":"","overlay-opacity":"","overlay-gradient":""}}},"product_brand":[66],"product_cat":[22],"product_tag":[32,61],"class_list":{"0":"post-561","1":"product","2":"type-product","3":"status-publish","4":"has-post-thumbnail","6":"product_brand-gray-and-white","7":"product_cat-softshell","8":"product_tag-femme","9":"product_tag-softshell-femme","10":"desktop-align-center","11":"tablet-align-left","12":"mobile-align-left","14":"first","15":"instock","16":"shipping-taxable","17":"purchasable","18":"product-type-variable"},"acf":[],"yoast_head":"<!-- This site is optimized with the Yoast SEO plugin v27.1.1 - https:\/\/yoast.com\/product\/yoast-seo-wordpress\/ -->\n<title>Bodywarmer Femme softshell - Gray and White<\/title>\n<meta name=\"robots\" content=\"index, follow, max-snippet:-1, max-image-preview:large, max-video-preview:-1\" \/>\n<link rel=\"canonical\" href=\"https:\/\/grayandwhite.fr\/en\/product\/bodywarmer-femme-softshell\/\" \/>\n<meta property=\"og:locale\" content=\"en_GB\" \/>\n<meta property=\"og:type\" content=\"article\" \/>\n<meta property=\"og:title\" content=\"Bodywarmer Femme softshell - Gray and White\" \/>\n<meta property=\"og:description\" content=\"Veste softshell femme sans manche\" \/>\n<meta property=\"og:url\" content=\"https:\/\/grayandwhite.fr\/en\/product\/bodywarmer-femme-softshell\/\" \/>\n<meta property=\"og:site_name\" content=\"Gray and White\" \/>\n<meta property=\"article:publisher\" content=\"https:\/\/www.facebook.com\/people\/Gray-White\/61581786922229\/\" \/>\n<meta property=\"article:modified_time\" content=\"2026-01-30T16:03:07+00:00\" \/>\n<meta property=\"og:image\" content=\"https:\/\/grayandwhite.fr\/wp-content\/uploads\/2025\/06\/femmes-softshell-port-plaisance.jpg\" \/>\n\t<meta property=\"og:image:width\" content=\"1024\" \/>\n\t<meta property=\"og:image:height\" content=\"1536\" \/>\n\t<meta property=\"og:image:type\" content=\"image\/jpeg\" \/>\n<meta name=\"twitter:card\" content=\"summary_large_image\" \/>\n<meta name=\"twitter:label1\" content=\"Estimated reading time\" \/>\n\t<meta name=\"twitter:data1\" content=\"1 minute\" \/>\n<script type=\"application\/ld+json\" class=\"yoast-schema-graph\">{\"@context\":\"https:\/\/schema.org\",\"@graph\":[{\"@type\":\"WebPage\",\"@id\":\"https:\/\/grayandwhite.fr\/product\/bodywarmer-femme-softshell\/\",\"url\":\"https:\/\/grayandwhite.fr\/product\/bodywarmer-femme-softshell\/\",\"name\":\"Bodywarmer Femme softshell - Gray and White\",\"isPartOf\":{\"@id\":\"https:\/\/grayandwhite.fr\/#website\"},\"primaryImageOfPage\":{\"@id\":\"https:\/\/grayandwhite.fr\/product\/bodywarmer-femme-softshell\/#primaryimage\"},\"image\":{\"@id\":\"https:\/\/grayandwhite.fr\/product\/bodywarmer-femme-softshell\/#primaryimage\"},\"thumbnailUrl\":\"https:\/\/grayandwhite.fr\/wp-content\/uploads\/2025\/06\/femmes-softshell-port-plaisance.jpg\",\"datePublished\":\"2025-06-10T16:32:04+00:00\",\"dateModified\":\"2026-01-30T16:03:07+00:00\",\"breadcrumb\":{\"@id\":\"https:\/\/grayandwhite.fr\/product\/bodywarmer-femme-softshell\/#breadcrumb\"},\"inLanguage\":\"en-GB\",\"potentialAction\":[{\"@type\":\"ReadAction\",\"target\":[\"https:\/\/grayandwhite.fr\/product\/bodywarmer-femme-softshell\/\"]}]},{\"@type\":\"ImageObject\",\"inLanguage\":\"en-GB\",\"@id\":\"https:\/\/grayandwhite.fr\/product\/bodywarmer-femme-softshell\/#primaryimage\",\"url\":\"https:\/\/grayandwhite.fr\/wp-content\/uploads\/2025\/06\/femmes-softshell-port-plaisance.jpg\",\"contentUrl\":\"https:\/\/grayandwhite.fr\/wp-content\/uploads\/2025\/06\/femmes-softshell-port-plaisance.jpg\",\"width\":1024,\"height\":1536,\"caption\":\"femme en veste softshell bodywarmer\"},{\"@type\":\"BreadcrumbList\",\"@id\":\"https:\/\/grayandwhite.fr\/product\/bodywarmer-femme-softshell\/#breadcrumb\",\"itemListElement\":[{\"@type\":\"ListItem\",\"position\":1,\"name\":\"Accueil\",\"item\":\"https:\/\/grayandwhite.fr\/\"},{\"@type\":\"ListItem\",\"position\":2,\"name\":\"Produits\",\"item\":\"https:\/\/grayandwhite.fr\/produits\/\"},{\"@type\":\"ListItem\",\"position\":3,\"name\":\"Bodywarmer Femme softshell\"}]},{\"@type\":\"WebSite\",\"@id\":\"https:\/\/grayandwhite.fr\/#website\",\"url\":\"https:\/\/grayandwhite.fr\/\",\"name\":\"Gray and White\",\"description\":\"Le style sans compromis, la qualit\u00e9 sans \u00e9gal\",\"publisher\":{\"@id\":\"https:\/\/grayandwhite.fr\/#organization\"},\"potentialAction\":[{\"@type\":\"SearchAction\",\"target\":{\"@type\":\"EntryPoint\",\"urlTemplate\":\"https:\/\/grayandwhite.fr\/?s={search_term_string}\"},\"query-input\":{\"@type\":\"PropertyValueSpecification\",\"valueRequired\":true,\"valueName\":\"search_term_string\"}}],\"inLanguage\":\"en-GB\"},{\"@type\":\"Organization\",\"@id\":\"https:\/\/grayandwhite.fr\/#organization\",\"name\":\"Gray and White\",\"url\":\"https:\/\/grayandwhite.fr\/\",\"logo\":{\"@type\":\"ImageObject\",\"inLanguage\":\"en-GB\",\"@id\":\"https:\/\/grayandwhite.fr\/#\/schema\/logo\/image\/\",\"url\":\"https:\/\/grayandwhite.fr\/wp-content\/uploads\/2025\/06\/logo_graywhite.svg\",\"contentUrl\":\"https:\/\/grayandwhite.fr\/wp-content\/uploads\/2025\/06\/logo_graywhite.svg\",\"width\":84,\"height\":84,\"caption\":\"Gray and White\"},\"image\":{\"@id\":\"https:\/\/grayandwhite.fr\/#\/schema\/logo\/image\/\"},\"sameAs\":[\"https:\/\/www.facebook.com\/people\/Gray-White\/61581786922229\/\",\"https:\/\/www.instagram.com\/grayandwhite93290\"]}]}<\/script>\n<!-- \/ Yoast SEO plugin. -->","yoast_head_json":{"title":"Bodywarmer Femme softshell - Gray and White","robots":{"index":"index","follow":"follow","max-snippet":"max-snippet:-1","max-image-preview":"max-image-preview:large","max-video-preview":"max-video-preview:-1"},"canonical":"https:\/\/grayandwhite.fr\/en\/product\/bodywarmer-femme-softshell\/","og_locale":"en_GB","og_type":"article","og_title":"Bodywarmer Femme softshell - Gray and White","og_description":"Veste softshell femme sans manche","og_url":"https:\/\/grayandwhite.fr\/en\/product\/bodywarmer-femme-softshell\/","og_site_name":"Gray and White","article_publisher":"https:\/\/www.facebook.com\/people\/Gray-White\/61581786922229\/","article_modified_time":"2026-01-30T16:03:07+00:00","og_image":[{"width":1024,"height":1536,"url":"https:\/\/grayandwhite.fr\/wp-content\/uploads\/2025\/06\/femmes-softshell-port-plaisance.jpg","type":"image\/jpeg"}],"twitter_card":"summary_large_image","twitter_misc":{"Estimated reading time":"1 minute"},"schema":{"@context":"https:\/\/schema.org","@graph":[{"@type":"WebPage","@id":"https:\/\/grayandwhite.fr\/product\/bodywarmer-femme-softshell\/","url":"https:\/\/grayandwhite.fr\/product\/bodywarmer-femme-softshell\/","name":"Bodywarmer Femme softshell - Gray and White","isPartOf":{"@id":"https:\/\/grayandwhite.fr\/#website"},"primaryImageOfPage":{"@id":"https:\/\/grayandwhite.fr\/product\/bodywarmer-femme-softshell\/#primaryimage"},"image":{"@id":"https:\/\/grayandwhite.fr\/product\/bodywarmer-femme-softshell\/#primaryimage"},"thumbnailUrl":"https:\/\/grayandwhite.fr\/wp-content\/uploads\/2025\/06\/femmes-softshell-port-plaisance.jpg","datePublished":"2025-06-10T16:32:04+00:00","dateModified":"2026-01-30T16:03:07+00:00","breadcrumb":{"@id":"https:\/\/grayandwhite.fr\/product\/bodywarmer-femme-softshell\/#breadcrumb"},"inLanguage":"en-GB","potentialAction":[{"@type":"ReadAction","target":["https:\/\/grayandwhite.fr\/product\/bodywarmer-femme-softshell\/"]}]},{"@type":"ImageObject","inLanguage":"en-GB","@id":"https:\/\/grayandwhite.fr\/product\/bodywarmer-femme-softshell\/#primaryimage","url":"https:\/\/grayandwhite.fr\/wp-content\/uploads\/2025\/06\/femmes-softshell-port-plaisance.jpg","contentUrl":"https:\/\/grayandwhite.fr\/wp-content\/uploads\/2025\/06\/femmes-softshell-port-plaisance.jpg","width":1024,"height":1536,"caption":"femme en veste softshell bodywarmer"},{"@type":"BreadcrumbList","@id":"https:\/\/grayandwhite.fr\/product\/bodywarmer-femme-softshell\/#breadcrumb","itemListElement":[{"@type":"ListItem","position":1,"name":"Accueil","item":"https:\/\/grayandwhite.fr\/"},{"@type":"ListItem","position":2,"name":"Produits","item":"https:\/\/grayandwhite.fr\/produits\/"},{"@type":"ListItem","position":3,"name":"Bodywarmer Femme softshell"}]},{"@type":"WebSite","@id":"https:\/\/grayandwhite.fr\/#website","url":"https:\/\/grayandwhite.fr\/","name":"Gray and White","description":"Le style sans compromis, la qualit\u00e9 sans \u00e9gal","publisher":{"@id":"https:\/\/grayandwhite.fr\/#organization"},"potentialAction":[{"@type":"SearchAction","target":{"@type":"EntryPoint","urlTemplate":"https:\/\/grayandwhite.fr\/?s={search_term_string}"},"query-input":{"@type":"PropertyValueSpecification","valueRequired":true,"valueName":"search_term_string"}}],"inLanguage":"en-GB"},{"@type":"Organization","@id":"https:\/\/grayandwhite.fr\/#organization","name":"Gray and White","url":"https:\/\/grayandwhite.fr\/","logo":{"@type":"ImageObject","inLanguage":"en-GB","@id":"https:\/\/grayandwhite.fr\/#\/schema\/logo\/image\/","url":"https:\/\/grayandwhite.fr\/wp-content\/uploads\/2025\/06\/logo_graywhite.svg","contentUrl":"https:\/\/grayandwhite.fr\/wp-content\/uploads\/2025\/06\/logo_graywhite.svg","width":84,"height":84,"caption":"Gray and White"},"image":{"@id":"https:\/\/grayandwhite.fr\/#\/schema\/logo\/image\/"},"sameAs":["https:\/\/www.facebook.com\/people\/Gray-White\/61581786922229\/","https:\/\/www.instagram.com\/grayandwhite93290"]}]}},"_links":{"self":[{"href":"https:\/\/grayandwhite.fr\/en\/wp-json\/wp\/v2\/product\/561","targetHints":{"allow":["GET"]}}],"collection":[{"href":"https:\/\/grayandwhite.fr\/en\/wp-json\/wp\/v2\/product"}],"about":[{"href":"https:\/\/grayandwhite.fr\/en\/wp-json\/wp\/v2\/types\/product"}],"wp:featuredmedia":[{"embeddable":true,"href":"https:\/\/grayandwhite.fr\/en\/wp-json\/wp\/v2\/media\/2162"}],"wp:attachment":[{"href":"https:\/\/grayandwhite.fr\/en\/wp-json\/wp\/v2\/media?parent=561"}],"wp:term":[{"taxonomy":"product_brand","embeddable":true,"href":"https:\/\/grayandwhite.fr\/en\/wp-json\/wp\/v2\/product_brand?post=561"},{"taxonomy":"product_cat","embeddable":true,"href":"https:\/\/grayandwhite.fr\/en\/wp-json\/wp\/v2\/product_cat?post=561"},{"taxonomy":"product_tag","embeddable":true,"href":"https:\/\/grayandwhite.fr\/en\/wp-json\/wp\/v2\/product_tag?post=561"}],"curies":[{"name":"wp","href":"https:\/\/api.w.org\/{rel}","templated":true}]}}