{"id":450,"date":"2025-08-28T16:38:42","date_gmt":"2025-08-28T14:38:42","guid":{"rendered":"https:\/\/grayandwhite.fr\/?post_type=product&#038;p=450"},"modified":"2026-01-30T17:31:17","modified_gmt":"2026-01-30T16:31:17","slug":"short","status":"publish","type":"product","link":"https:\/\/grayandwhite.fr\/en\/product\/short\/","title":{"rendered":"Lightweight French Terry Fleece Shorts"},"content":{"rendered":"<p>Ce short combine confort et l\u00e9g\u00e8ret\u00e9 gr\u00e2ce \u00e0 sa maille french terry en 80% coton et 20% polyester. Avec son grammage de 240 gsm, il est plus fin et respirant qu\u2019un sweat classique, id\u00e9al pour les saisons chaudes, les moments de d\u00e9tente ou sportifs. Sa texture douce et souple garantit une aisance optimale au quotidien tout au long de l&rsquo;ann\u00e9e, tant en int\u00e9rieur qu&rsquo;en ext\u00e9rieur.<\/p>","protected":false},"excerpt":{"rendered":"<p>Lightweight French Terry Fleece Shorts<\/p>","protected":false},"featured_media":2207,"template":"","meta":{"_acf_changed":false,"site-sidebar-layout":"default","site-content-layout":"","ast-site-content-layout":"default","site-content-style":"default","site-sidebar-style":"default","ast-global-header-display":"","ast-banner-title-visibility":"","ast-main-header-display":"","ast-hfb-above-header-display":"","ast-hfb-below-header-display":"","ast-hfb-mobile-header-display":"","site-post-title":"","ast-breadcrumbs-content":"","ast-featured-img":"","footer-sml-layout":"","ast-disable-related-posts":"","theme-transparent-header-meta":"default","adv-header-id-meta":"","stick-header-meta":"","header-above-stick-meta":"","header-main-stick-meta":"","header-below-stick-meta":"","astra-migrate-meta-layouts":"set","ast-page-background-enabled":"default","ast-page-background-meta":{"desktop":{"background-color":"var(--ast-global-color-5)","background-image":"","background-repeat":"repeat","background-position":"center center","background-size":"auto","background-attachment":"scroll","background-type":"","background-media":"","overlay-type":"","overlay-color":"","overlay-opacity":"","overlay-gradient":""},"tablet":{"background-color":"","background-image":"","background-repeat":"repeat","background-position":"center center","background-size":"auto","background-attachment":"scroll","background-type":"","background-media":"","overlay-type":"","overlay-color":"","overlay-opacity":"","overlay-gradient":""},"mobile":{"background-color":"","background-image":"","background-repeat":"repeat","background-position":"center center","background-size":"auto","background-attachment":"scroll","background-type":"","background-media":"","overlay-type":"","overlay-color":"","overlay-opacity":"","overlay-gradient":""}},"ast-content-background-meta":{"desktop":{"background-color":"var(--ast-global-color-4)","background-image":"","background-repeat":"repeat","background-position":"center center","background-size":"auto","background-attachment":"scroll","background-type":"","background-media":"","overlay-type":"","overlay-color":"","overlay-opacity":"","overlay-gradient":""},"tablet":{"background-color":"var(--ast-global-color-4)","background-image":"","background-repeat":"repeat","background-position":"center center","background-size":"auto","background-attachment":"scroll","background-type":"","background-media":"","overlay-type":"","overlay-color":"","overlay-opacity":"","overlay-gradient":""},"mobile":{"background-color":"var(--ast-global-color-4)","background-image":"","background-repeat":"repeat","background-position":"center center","background-size":"auto","background-attachment":"scroll","background-type":"","background-media":"","overlay-type":"","overlay-color":"","overlay-opacity":"","overlay-gradient":""}}},"product_brand":[66],"product_cat":[40],"product_tag":[32,31,54],"class_list":{"0":"post-450","1":"product","2":"type-product","3":"status-publish","4":"has-post-thumbnail","6":"product_brand-gray-and-white","7":"product_cat-short","8":"product_tag-femme","9":"product_tag-homme","10":"product_tag-short","11":"desktop-align-center","12":"tablet-align-left","13":"mobile-align-left","15":"first","16":"instock","17":"shipping-taxable","18":"purchasable","19":"product-type-variable"},"acf":[],"yoast_head":"<!-- This site is optimized with the Yoast SEO plugin v27.1.1 - https:\/\/yoast.com\/product\/yoast-seo-wordpress\/ -->\n<title>Short en molleton l\u00e9ger French Terry - Gray and White<\/title>\n<meta name=\"robots\" content=\"index, follow, max-snippet:-1, max-image-preview:large, max-video-preview:-1\" \/>\n<link rel=\"canonical\" href=\"https:\/\/grayandwhite.fr\/en\/product\/short\/\" \/>\n<meta property=\"og:locale\" content=\"en_GB\" \/>\n<meta property=\"og:type\" content=\"article\" \/>\n<meta property=\"og:title\" content=\"Short en molleton l\u00e9ger French Terry - Gray and White\" \/>\n<meta property=\"og:description\" content=\"Short en molleton l\u00e9ger French Terry\" \/>\n<meta property=\"og:url\" content=\"https:\/\/grayandwhite.fr\/en\/product\/short\/\" \/>\n<meta property=\"og:site_name\" content=\"Gray and White\" \/>\n<meta property=\"article:publisher\" content=\"https:\/\/www.facebook.com\/people\/Gray-White\/61581786922229\/\" \/>\n<meta property=\"article:modified_time\" content=\"2026-01-30T16:31:17+00:00\" \/>\n<meta property=\"og:image\" content=\"https:\/\/grayandwhite.fr\/wp-content\/uploads\/2025\/06\/couple-en-short-coure-sur-une-plage-1.jpg\" \/>\n\t<meta property=\"og:image:width\" content=\"1536\" \/>\n\t<meta property=\"og:image:height\" content=\"920\" \/>\n\t<meta property=\"og:image:type\" content=\"image\/jpeg\" \/>\n<meta name=\"twitter:card\" content=\"summary_large_image\" \/>\n<meta name=\"twitter:label1\" content=\"Estimated reading time\" \/>\n\t<meta name=\"twitter:data1\" content=\"1 minute\" \/>\n<script type=\"application\/ld+json\" class=\"yoast-schema-graph\">{\"@context\":\"https:\/\/schema.org\",\"@graph\":[{\"@type\":\"WebPage\",\"@id\":\"https:\/\/grayandwhite.fr\/product\/short\/\",\"url\":\"https:\/\/grayandwhite.fr\/product\/short\/\",\"name\":\"Short en molleton l\u00e9ger French Terry - Gray and White\",\"isPartOf\":{\"@id\":\"https:\/\/grayandwhite.fr\/#website\"},\"primaryImageOfPage\":{\"@id\":\"https:\/\/grayandwhite.fr\/product\/short\/#primaryimage\"},\"image\":{\"@id\":\"https:\/\/grayandwhite.fr\/product\/short\/#primaryimage\"},\"thumbnailUrl\":\"https:\/\/grayandwhite.fr\/wp-content\/uploads\/2025\/06\/couple-en-short-coure-sur-une-plage-1.jpg\",\"datePublished\":\"2025-08-28T14:38:42+00:00\",\"dateModified\":\"2026-01-30T16:31:17+00:00\",\"breadcrumb\":{\"@id\":\"https:\/\/grayandwhite.fr\/product\/short\/#breadcrumb\"},\"inLanguage\":\"en-GB\",\"potentialAction\":[{\"@type\":\"ReadAction\",\"target\":[\"https:\/\/grayandwhite.fr\/product\/short\/\"]}]},{\"@type\":\"ImageObject\",\"inLanguage\":\"en-GB\",\"@id\":\"https:\/\/grayandwhite.fr\/product\/short\/#primaryimage\",\"url\":\"https:\/\/grayandwhite.fr\/wp-content\/uploads\/2025\/06\/couple-en-short-coure-sur-une-plage-1.jpg\",\"contentUrl\":\"https:\/\/grayandwhite.fr\/wp-content\/uploads\/2025\/06\/couple-en-short-coure-sur-une-plage-1.jpg\",\"width\":1536,\"height\":920,\"caption\":\"couple en short et sweatshirt gris courent sur une plage\"},{\"@type\":\"BreadcrumbList\",\"@id\":\"https:\/\/grayandwhite.fr\/product\/short\/#breadcrumb\",\"itemListElement\":[{\"@type\":\"ListItem\",\"position\":1,\"name\":\"Accueil\",\"item\":\"https:\/\/grayandwhite.fr\/\"},{\"@type\":\"ListItem\",\"position\":2,\"name\":\"Produits\",\"item\":\"https:\/\/grayandwhite.fr\/produits\/\"},{\"@type\":\"ListItem\",\"position\":3,\"name\":\"Short en molleton l\u00e9ger French Terry\"}]},{\"@type\":\"WebSite\",\"@id\":\"https:\/\/grayandwhite.fr\/#website\",\"url\":\"https:\/\/grayandwhite.fr\/\",\"name\":\"Gray and White\",\"description\":\"Le style sans compromis, la qualit\u00e9 sans \u00e9gal\",\"publisher\":{\"@id\":\"https:\/\/grayandwhite.fr\/#organization\"},\"potentialAction\":[{\"@type\":\"SearchAction\",\"target\":{\"@type\":\"EntryPoint\",\"urlTemplate\":\"https:\/\/grayandwhite.fr\/?s={search_term_string}\"},\"query-input\":{\"@type\":\"PropertyValueSpecification\",\"valueRequired\":true,\"valueName\":\"search_term_string\"}}],\"inLanguage\":\"en-GB\"},{\"@type\":\"Organization\",\"@id\":\"https:\/\/grayandwhite.fr\/#organization\",\"name\":\"Gray and White\",\"url\":\"https:\/\/grayandwhite.fr\/\",\"logo\":{\"@type\":\"ImageObject\",\"inLanguage\":\"en-GB\",\"@id\":\"https:\/\/grayandwhite.fr\/#\/schema\/logo\/image\/\",\"url\":\"https:\/\/grayandwhite.fr\/wp-content\/uploads\/2025\/06\/logo_graywhite.svg\",\"contentUrl\":\"https:\/\/grayandwhite.fr\/wp-content\/uploads\/2025\/06\/logo_graywhite.svg\",\"width\":84,\"height\":84,\"caption\":\"Gray and White\"},\"image\":{\"@id\":\"https:\/\/grayandwhite.fr\/#\/schema\/logo\/image\/\"},\"sameAs\":[\"https:\/\/www.facebook.com\/people\/Gray-White\/61581786922229\/\",\"https:\/\/www.instagram.com\/grayandwhite93290\"]}]}<\/script>\n<!-- \/ Yoast SEO plugin. -->","yoast_head_json":{"title":"Short en molleton l\u00e9ger French Terry - Gray and White","robots":{"index":"index","follow":"follow","max-snippet":"max-snippet:-1","max-image-preview":"max-image-preview:large","max-video-preview":"max-video-preview:-1"},"canonical":"https:\/\/grayandwhite.fr\/en\/product\/short\/","og_locale":"en_GB","og_type":"article","og_title":"Short en molleton l\u00e9ger French Terry - Gray and White","og_description":"Short en molleton l\u00e9ger French Terry","og_url":"https:\/\/grayandwhite.fr\/en\/product\/short\/","og_site_name":"Gray and White","article_publisher":"https:\/\/www.facebook.com\/people\/Gray-White\/61581786922229\/","article_modified_time":"2026-01-30T16:31:17+00:00","og_image":[{"width":1536,"height":920,"url":"https:\/\/grayandwhite.fr\/wp-content\/uploads\/2025\/06\/couple-en-short-coure-sur-une-plage-1.jpg","type":"image\/jpeg"}],"twitter_card":"summary_large_image","twitter_misc":{"Estimated reading time":"1 minute"},"schema":{"@context":"https:\/\/schema.org","@graph":[{"@type":"WebPage","@id":"https:\/\/grayandwhite.fr\/product\/short\/","url":"https:\/\/grayandwhite.fr\/product\/short\/","name":"Short en molleton l\u00e9ger French Terry - Gray and White","isPartOf":{"@id":"https:\/\/grayandwhite.fr\/#website"},"primaryImageOfPage":{"@id":"https:\/\/grayandwhite.fr\/product\/short\/#primaryimage"},"image":{"@id":"https:\/\/grayandwhite.fr\/product\/short\/#primaryimage"},"thumbnailUrl":"https:\/\/grayandwhite.fr\/wp-content\/uploads\/2025\/06\/couple-en-short-coure-sur-une-plage-1.jpg","datePublished":"2025-08-28T14:38:42+00:00","dateModified":"2026-01-30T16:31:17+00:00","breadcrumb":{"@id":"https:\/\/grayandwhite.fr\/product\/short\/#breadcrumb"},"inLanguage":"en-GB","potentialAction":[{"@type":"ReadAction","target":["https:\/\/grayandwhite.fr\/product\/short\/"]}]},{"@type":"ImageObject","inLanguage":"en-GB","@id":"https:\/\/grayandwhite.fr\/product\/short\/#primaryimage","url":"https:\/\/grayandwhite.fr\/wp-content\/uploads\/2025\/06\/couple-en-short-coure-sur-une-plage-1.jpg","contentUrl":"https:\/\/grayandwhite.fr\/wp-content\/uploads\/2025\/06\/couple-en-short-coure-sur-une-plage-1.jpg","width":1536,"height":920,"caption":"couple en short et sweatshirt gris courent sur une plage"},{"@type":"BreadcrumbList","@id":"https:\/\/grayandwhite.fr\/product\/short\/#breadcrumb","itemListElement":[{"@type":"ListItem","position":1,"name":"Accueil","item":"https:\/\/grayandwhite.fr\/"},{"@type":"ListItem","position":2,"name":"Produits","item":"https:\/\/grayandwhite.fr\/produits\/"},{"@type":"ListItem","position":3,"name":"Short en molleton l\u00e9ger French Terry"}]},{"@type":"WebSite","@id":"https:\/\/grayandwhite.fr\/#website","url":"https:\/\/grayandwhite.fr\/","name":"Gray and White","description":"Le style sans compromis, la qualit\u00e9 sans \u00e9gal","publisher":{"@id":"https:\/\/grayandwhite.fr\/#organization"},"potentialAction":[{"@type":"SearchAction","target":{"@type":"EntryPoint","urlTemplate":"https:\/\/grayandwhite.fr\/?s={search_term_string}"},"query-input":{"@type":"PropertyValueSpecification","valueRequired":true,"valueName":"search_term_string"}}],"inLanguage":"en-GB"},{"@type":"Organization","@id":"https:\/\/grayandwhite.fr\/#organization","name":"Gray and White","url":"https:\/\/grayandwhite.fr\/","logo":{"@type":"ImageObject","inLanguage":"en-GB","@id":"https:\/\/grayandwhite.fr\/#\/schema\/logo\/image\/","url":"https:\/\/grayandwhite.fr\/wp-content\/uploads\/2025\/06\/logo_graywhite.svg","contentUrl":"https:\/\/grayandwhite.fr\/wp-content\/uploads\/2025\/06\/logo_graywhite.svg","width":84,"height":84,"caption":"Gray and White"},"image":{"@id":"https:\/\/grayandwhite.fr\/#\/schema\/logo\/image\/"},"sameAs":["https:\/\/www.facebook.com\/people\/Gray-White\/61581786922229\/","https:\/\/www.instagram.com\/grayandwhite93290"]}]}},"_links":{"self":[{"href":"https:\/\/grayandwhite.fr\/en\/wp-json\/wp\/v2\/product\/450","targetHints":{"allow":["GET"]}}],"collection":[{"href":"https:\/\/grayandwhite.fr\/en\/wp-json\/wp\/v2\/product"}],"about":[{"href":"https:\/\/grayandwhite.fr\/en\/wp-json\/wp\/v2\/types\/product"}],"wp:featuredmedia":[{"embeddable":true,"href":"https:\/\/grayandwhite.fr\/en\/wp-json\/wp\/v2\/media\/2207"}],"wp:attachment":[{"href":"https:\/\/grayandwhite.fr\/en\/wp-json\/wp\/v2\/media?parent=450"}],"wp:term":[{"taxonomy":"product_brand","embeddable":true,"href":"https:\/\/grayandwhite.fr\/en\/wp-json\/wp\/v2\/product_brand?post=450"},{"taxonomy":"product_cat","embeddable":true,"href":"https:\/\/grayandwhite.fr\/en\/wp-json\/wp\/v2\/product_cat?post=450"},{"taxonomy":"product_tag","embeddable":true,"href":"https:\/\/grayandwhite.fr\/en\/wp-json\/wp\/v2\/product_tag?post=450"}],"curies":[{"name":"wp","href":"https:\/\/api.w.org\/{rel}","templated":true}]}}