{"id":1970,"date":"2025-08-27T10:45:20","date_gmt":"2025-08-27T08:45:20","guid":{"rendered":"https:\/\/grayandwhite.fr\/?post_type=product&#038;p=1970"},"modified":"2026-01-30T17:01:19","modified_gmt":"2026-01-30T16:01:19","slug":"veste-homme-softshell","status":"publish","type":"product","link":"https:\/\/grayandwhite.fr\/en\/product\/veste-homme-softshell\/","title":{"rendered":"Men's softshell jacket"},"content":{"rendered":"<p>Cette veste softshell imperm\u00e9able, trois couches, associe protection et \u00e9l\u00e9gance tout en int\u00e9grant des mati\u00e8res recycl\u00e9es durables. Sa composition en polyester recycl\u00e9 et \u00e9lasthanne lui conf\u00e8re souplesse et r\u00e9sistance, tandis que son int\u00e9rieur polaire recycl\u00e9 apporte chaleur et confort. Avec son design sobre et moderne, elle s\u2019impose comme un indispensable pour une garde-robe responsable et fonctionnelle.<\/p>","protected":false},"excerpt":{"rendered":"<p>Men's softshell jacket<\/p>","protected":false},"featured_media":2314,"template":"","meta":{"_acf_changed":false,"site-sidebar-layout":"default","site-content-layout":"","ast-site-content-layout":"default","site-content-style":"default","site-sidebar-style":"default","ast-global-header-display":"","ast-banner-title-visibility":"","ast-main-header-display":"","ast-hfb-above-header-display":"","ast-hfb-below-header-display":"","ast-hfb-mobile-header-display":"","site-post-title":"","ast-breadcrumbs-content":"","ast-featured-img":"","footer-sml-layout":"","ast-disable-related-posts":"","theme-transparent-header-meta":"default","adv-header-id-meta":"","stick-header-meta":"","header-above-stick-meta":"","header-main-stick-meta":"","header-below-stick-meta":"","astra-migrate-meta-layouts":"set","ast-page-background-enabled":"default","ast-page-background-meta":{"desktop":{"background-color":"var(--ast-global-color-5)","background-image":"","background-repeat":"repeat","background-position":"center center","background-size":"auto","background-attachment":"scroll","background-type":"","background-media":"","overlay-type":"","overlay-color":"","overlay-opacity":"","overlay-gradient":""},"tablet":{"background-color":"","background-image":"","background-repeat":"repeat","background-position":"center center","background-size":"auto","background-attachment":"scroll","background-type":"","background-media":"","overlay-type":"","overlay-color":"","overlay-opacity":"","overlay-gradient":""},"mobile":{"background-color":"","background-image":"","background-repeat":"repeat","background-position":"center center","background-size":"auto","background-attachment":"scroll","background-type":"","background-media":"","overlay-type":"","overlay-color":"","overlay-opacity":"","overlay-gradient":""}},"ast-content-background-meta":{"desktop":{"background-color":"var(--ast-global-color-4)","background-image":"","background-repeat":"repeat","background-position":"center center","background-size":"auto","background-attachment":"scroll","background-type":"","background-media":"","overlay-type":"","overlay-color":"","overlay-opacity":"","overlay-gradient":""},"tablet":{"background-color":"var(--ast-global-color-4)","background-image":"","background-repeat":"repeat","background-position":"center center","background-size":"auto","background-attachment":"scroll","background-type":"","background-media":"","overlay-type":"","overlay-color":"","overlay-opacity":"","overlay-gradient":""},"mobile":{"background-color":"var(--ast-global-color-4)","background-image":"","background-repeat":"repeat","background-position":"center center","background-size":"auto","background-attachment":"scroll","background-type":"","background-media":"","overlay-type":"","overlay-color":"","overlay-opacity":"","overlay-gradient":""}}},"product_brand":[66],"product_cat":[22],"product_tag":[31,55],"class_list":{"0":"post-1970","1":"product","2":"type-product","3":"status-publish","4":"has-post-thumbnail","6":"product_brand-gray-and-white","7":"product_cat-softshell","8":"product_tag-homme","9":"product_tag-softshell-homme","10":"desktop-align-center","11":"tablet-align-left","12":"mobile-align-left","14":"first","15":"instock","16":"shipping-taxable","17":"purchasable","18":"product-type-variable"},"acf":[],"yoast_head":"<!-- This site is optimized with the Yoast SEO plugin v27.1.1 - https:\/\/yoast.com\/product\/yoast-seo-wordpress\/ -->\n<title>Veste Homme softshell - Gray and White<\/title>\n<meta name=\"robots\" content=\"index, follow, max-snippet:-1, max-image-preview:large, max-video-preview:-1\" \/>\n<link rel=\"canonical\" href=\"https:\/\/grayandwhite.fr\/en\/product\/veste-homme-softshell\/\" \/>\n<meta property=\"og:locale\" content=\"en_GB\" \/>\n<meta property=\"og:type\" content=\"article\" \/>\n<meta property=\"og:title\" content=\"Veste Homme softshell - Gray and White\" \/>\n<meta property=\"og:description\" content=\"Veste Homme softshell\" \/>\n<meta property=\"og:url\" content=\"https:\/\/grayandwhite.fr\/en\/product\/veste-homme-softshell\/\" \/>\n<meta property=\"og:site_name\" content=\"Gray and White\" \/>\n<meta property=\"article:publisher\" content=\"https:\/\/www.facebook.com\/people\/Gray-White\/61581786922229\/\" \/>\n<meta property=\"article:modified_time\" content=\"2026-01-30T16:01:19+00:00\" \/>\n<meta property=\"og:image\" content=\"https:\/\/grayandwhite.fr\/wp-content\/uploads\/2025\/08\/softshell-homme-jogging.webp\" \/>\n\t<meta property=\"og:image:width\" content=\"800\" \/>\n\t<meta property=\"og:image:height\" content=\"1200\" \/>\n\t<meta property=\"og:image:type\" content=\"image\/webp\" \/>\n<meta name=\"twitter:card\" content=\"summary_large_image\" \/>\n<meta name=\"twitter:label1\" content=\"Estimated reading time\" \/>\n\t<meta name=\"twitter:data1\" content=\"1 minute\" \/>\n<script type=\"application\/ld+json\" class=\"yoast-schema-graph\">{\"@context\":\"https:\/\/schema.org\",\"@graph\":[{\"@type\":\"WebPage\",\"@id\":\"https:\/\/grayandwhite.fr\/product\/veste-homme-softshell\/\",\"url\":\"https:\/\/grayandwhite.fr\/product\/veste-homme-softshell\/\",\"name\":\"Veste Homme softshell - Gray and White\",\"isPartOf\":{\"@id\":\"https:\/\/grayandwhite.fr\/#website\"},\"primaryImageOfPage\":{\"@id\":\"https:\/\/grayandwhite.fr\/product\/veste-homme-softshell\/#primaryimage\"},\"image\":{\"@id\":\"https:\/\/grayandwhite.fr\/product\/veste-homme-softshell\/#primaryimage\"},\"thumbnailUrl\":\"https:\/\/grayandwhite.fr\/wp-content\/uploads\/2025\/08\/softshell-homme-jogging.webp\",\"datePublished\":\"2025-08-27T08:45:20+00:00\",\"dateModified\":\"2026-01-30T16:01:19+00:00\",\"breadcrumb\":{\"@id\":\"https:\/\/grayandwhite.fr\/product\/veste-homme-softshell\/#breadcrumb\"},\"inLanguage\":\"en-GB\",\"potentialAction\":[{\"@type\":\"ReadAction\",\"target\":[\"https:\/\/grayandwhite.fr\/product\/veste-homme-softshell\/\"]}]},{\"@type\":\"ImageObject\",\"inLanguage\":\"en-GB\",\"@id\":\"https:\/\/grayandwhite.fr\/product\/veste-homme-softshell\/#primaryimage\",\"url\":\"https:\/\/grayandwhite.fr\/wp-content\/uploads\/2025\/08\/softshell-homme-jogging.webp\",\"contentUrl\":\"https:\/\/grayandwhite.fr\/wp-content\/uploads\/2025\/08\/softshell-homme-jogging.webp\",\"width\":800,\"height\":1200,\"caption\":\"homme avec veste softshell marine fait du jogging\"},{\"@type\":\"BreadcrumbList\",\"@id\":\"https:\/\/grayandwhite.fr\/product\/veste-homme-softshell\/#breadcrumb\",\"itemListElement\":[{\"@type\":\"ListItem\",\"position\":1,\"name\":\"Accueil\",\"item\":\"https:\/\/grayandwhite.fr\/\"},{\"@type\":\"ListItem\",\"position\":2,\"name\":\"Produits\",\"item\":\"https:\/\/grayandwhite.fr\/produits\/\"},{\"@type\":\"ListItem\",\"position\":3,\"name\":\"Veste Homme softshell\"}]},{\"@type\":\"WebSite\",\"@id\":\"https:\/\/grayandwhite.fr\/#website\",\"url\":\"https:\/\/grayandwhite.fr\/\",\"name\":\"Gray and White\",\"description\":\"Le style sans compromis, la qualit\u00e9 sans \u00e9gal\",\"publisher\":{\"@id\":\"https:\/\/grayandwhite.fr\/#organization\"},\"potentialAction\":[{\"@type\":\"SearchAction\",\"target\":{\"@type\":\"EntryPoint\",\"urlTemplate\":\"https:\/\/grayandwhite.fr\/?s={search_term_string}\"},\"query-input\":{\"@type\":\"PropertyValueSpecification\",\"valueRequired\":true,\"valueName\":\"search_term_string\"}}],\"inLanguage\":\"en-GB\"},{\"@type\":\"Organization\",\"@id\":\"https:\/\/grayandwhite.fr\/#organization\",\"name\":\"Gray and White\",\"url\":\"https:\/\/grayandwhite.fr\/\",\"logo\":{\"@type\":\"ImageObject\",\"inLanguage\":\"en-GB\",\"@id\":\"https:\/\/grayandwhite.fr\/#\/schema\/logo\/image\/\",\"url\":\"https:\/\/grayandwhite.fr\/wp-content\/uploads\/2025\/06\/logo_graywhite.svg\",\"contentUrl\":\"https:\/\/grayandwhite.fr\/wp-content\/uploads\/2025\/06\/logo_graywhite.svg\",\"width\":84,\"height\":84,\"caption\":\"Gray and White\"},\"image\":{\"@id\":\"https:\/\/grayandwhite.fr\/#\/schema\/logo\/image\/\"},\"sameAs\":[\"https:\/\/www.facebook.com\/people\/Gray-White\/61581786922229\/\",\"https:\/\/www.instagram.com\/grayandwhite93290\"]}]}<\/script>\n<!-- \/ Yoast SEO plugin. -->","yoast_head_json":{"title":"Veste Homme softshell - Gray and White","robots":{"index":"index","follow":"follow","max-snippet":"max-snippet:-1","max-image-preview":"max-image-preview:large","max-video-preview":"max-video-preview:-1"},"canonical":"https:\/\/grayandwhite.fr\/en\/product\/veste-homme-softshell\/","og_locale":"en_GB","og_type":"article","og_title":"Veste Homme softshell - Gray and White","og_description":"Veste Homme softshell","og_url":"https:\/\/grayandwhite.fr\/en\/product\/veste-homme-softshell\/","og_site_name":"Gray and White","article_publisher":"https:\/\/www.facebook.com\/people\/Gray-White\/61581786922229\/","article_modified_time":"2026-01-30T16:01:19+00:00","og_image":[{"width":800,"height":1200,"url":"https:\/\/grayandwhite.fr\/wp-content\/uploads\/2025\/08\/softshell-homme-jogging.webp","type":"image\/webp"}],"twitter_card":"summary_large_image","twitter_misc":{"Estimated reading time":"1 minute"},"schema":{"@context":"https:\/\/schema.org","@graph":[{"@type":"WebPage","@id":"https:\/\/grayandwhite.fr\/product\/veste-homme-softshell\/","url":"https:\/\/grayandwhite.fr\/product\/veste-homme-softshell\/","name":"Veste Homme softshell - Gray and White","isPartOf":{"@id":"https:\/\/grayandwhite.fr\/#website"},"primaryImageOfPage":{"@id":"https:\/\/grayandwhite.fr\/product\/veste-homme-softshell\/#primaryimage"},"image":{"@id":"https:\/\/grayandwhite.fr\/product\/veste-homme-softshell\/#primaryimage"},"thumbnailUrl":"https:\/\/grayandwhite.fr\/wp-content\/uploads\/2025\/08\/softshell-homme-jogging.webp","datePublished":"2025-08-27T08:45:20+00:00","dateModified":"2026-01-30T16:01:19+00:00","breadcrumb":{"@id":"https:\/\/grayandwhite.fr\/product\/veste-homme-softshell\/#breadcrumb"},"inLanguage":"en-GB","potentialAction":[{"@type":"ReadAction","target":["https:\/\/grayandwhite.fr\/product\/veste-homme-softshell\/"]}]},{"@type":"ImageObject","inLanguage":"en-GB","@id":"https:\/\/grayandwhite.fr\/product\/veste-homme-softshell\/#primaryimage","url":"https:\/\/grayandwhite.fr\/wp-content\/uploads\/2025\/08\/softshell-homme-jogging.webp","contentUrl":"https:\/\/grayandwhite.fr\/wp-content\/uploads\/2025\/08\/softshell-homme-jogging.webp","width":800,"height":1200,"caption":"homme avec veste softshell marine fait du jogging"},{"@type":"BreadcrumbList","@id":"https:\/\/grayandwhite.fr\/product\/veste-homme-softshell\/#breadcrumb","itemListElement":[{"@type":"ListItem","position":1,"name":"Accueil","item":"https:\/\/grayandwhite.fr\/"},{"@type":"ListItem","position":2,"name":"Produits","item":"https:\/\/grayandwhite.fr\/produits\/"},{"@type":"ListItem","position":3,"name":"Veste Homme softshell"}]},{"@type":"WebSite","@id":"https:\/\/grayandwhite.fr\/#website","url":"https:\/\/grayandwhite.fr\/","name":"Gray and White","description":"Le style sans compromis, la qualit\u00e9 sans \u00e9gal","publisher":{"@id":"https:\/\/grayandwhite.fr\/#organization"},"potentialAction":[{"@type":"SearchAction","target":{"@type":"EntryPoint","urlTemplate":"https:\/\/grayandwhite.fr\/?s={search_term_string}"},"query-input":{"@type":"PropertyValueSpecification","valueRequired":true,"valueName":"search_term_string"}}],"inLanguage":"en-GB"},{"@type":"Organization","@id":"https:\/\/grayandwhite.fr\/#organization","name":"Gray and White","url":"https:\/\/grayandwhite.fr\/","logo":{"@type":"ImageObject","inLanguage":"en-GB","@id":"https:\/\/grayandwhite.fr\/#\/schema\/logo\/image\/","url":"https:\/\/grayandwhite.fr\/wp-content\/uploads\/2025\/06\/logo_graywhite.svg","contentUrl":"https:\/\/grayandwhite.fr\/wp-content\/uploads\/2025\/06\/logo_graywhite.svg","width":84,"height":84,"caption":"Gray and White"},"image":{"@id":"https:\/\/grayandwhite.fr\/#\/schema\/logo\/image\/"},"sameAs":["https:\/\/www.facebook.com\/people\/Gray-White\/61581786922229\/","https:\/\/www.instagram.com\/grayandwhite93290"]}]}},"_links":{"self":[{"href":"https:\/\/grayandwhite.fr\/en\/wp-json\/wp\/v2\/product\/1970","targetHints":{"allow":["GET"]}}],"collection":[{"href":"https:\/\/grayandwhite.fr\/en\/wp-json\/wp\/v2\/product"}],"about":[{"href":"https:\/\/grayandwhite.fr\/en\/wp-json\/wp\/v2\/types\/product"}],"wp:featuredmedia":[{"embeddable":true,"href":"https:\/\/grayandwhite.fr\/en\/wp-json\/wp\/v2\/media\/2314"}],"wp:attachment":[{"href":"https:\/\/grayandwhite.fr\/en\/wp-json\/wp\/v2\/media?parent=1970"}],"wp:term":[{"taxonomy":"product_brand","embeddable":true,"href":"https:\/\/grayandwhite.fr\/en\/wp-json\/wp\/v2\/product_brand?post=1970"},{"taxonomy":"product_cat","embeddable":true,"href":"https:\/\/grayandwhite.fr\/en\/wp-json\/wp\/v2\/product_cat?post=1970"},{"taxonomy":"product_tag","embeddable":true,"href":"https:\/\/grayandwhite.fr\/en\/wp-json\/wp\/v2\/product_tag?post=1970"}],"curies":[{"name":"wp","href":"https:\/\/api.w.org\/{rel}","templated":true}]}}