{"id":1622,"date":"2025-08-21T15:54:21","date_gmt":"2025-08-21T13:54:21","guid":{"rendered":"https:\/\/grayandwhite.fr\/?post_type=product&#038;p=1622"},"modified":"2026-01-29T18:22:41","modified_gmt":"2026-01-29T17:22:41","slug":"polo-polyester","status":"publish","type":"product","link":"https:\/\/grayandwhite.fr\/en\/product\/polo-polyester\/","title":{"rendered":"Sport polo"},"content":{"rendered":"<p>Ce polo accompagne chacun de vos mouvements gr\u00e2ce \u00e0 sa mati\u00e8re extensible et sa coupe dynamique. Con\u00e7u dans un tissu \u00e0 s\u00e9chage rapide, il assure fra\u00eecheur et confort tout au long de l\u2019effort. Sa douceur incomparable en fait un alli\u00e9 aussi agr\u00e9able \u00e0 porter qu\u2019efficace dans la performance.<\/p>","protected":false},"excerpt":{"rendered":"<p>Short-sleeved 3-button polyester knit polo shirt<\/p>","protected":false},"featured_media":2146,"template":"","meta":{"_acf_changed":false,"site-sidebar-layout":"default","site-content-layout":"","ast-site-content-layout":"default","site-content-style":"default","site-sidebar-style":"default","ast-global-header-display":"","ast-banner-title-visibility":"","ast-main-header-display":"","ast-hfb-above-header-display":"","ast-hfb-below-header-display":"","ast-hfb-mobile-header-display":"","site-post-title":"","ast-breadcrumbs-content":"","ast-featured-img":"","footer-sml-layout":"","ast-disable-related-posts":"","theme-transparent-header-meta":"default","adv-header-id-meta":"","stick-header-meta":"","header-above-stick-meta":"","header-main-stick-meta":"","header-below-stick-meta":"","astra-migrate-meta-layouts":"set","ast-page-background-enabled":"default","ast-page-background-meta":{"desktop":{"background-color":"var(--ast-global-color-5)","background-image":"","background-repeat":"repeat","background-position":"center center","background-size":"auto","background-attachment":"scroll","background-type":"","background-media":"","overlay-type":"","overlay-color":"","overlay-opacity":"","overlay-gradient":""},"tablet":{"background-color":"","background-image":"","background-repeat":"repeat","background-position":"center center","background-size":"auto","background-attachment":"scroll","background-type":"","background-media":"","overlay-type":"","overlay-color":"","overlay-opacity":"","overlay-gradient":""},"mobile":{"background-color":"","background-image":"","background-repeat":"repeat","background-position":"center center","background-size":"auto","background-attachment":"scroll","background-type":"","background-media":"","overlay-type":"","overlay-color":"","overlay-opacity":"","overlay-gradient":""}},"ast-content-background-meta":{"desktop":{"background-color":"var(--ast-global-color-4)","background-image":"","background-repeat":"repeat","background-position":"center center","background-size":"auto","background-attachment":"scroll","background-type":"","background-media":"","overlay-type":"","overlay-color":"","overlay-opacity":"","overlay-gradient":""},"tablet":{"background-color":"var(--ast-global-color-4)","background-image":"","background-repeat":"repeat","background-position":"center center","background-size":"auto","background-attachment":"scroll","background-type":"","background-media":"","overlay-type":"","overlay-color":"","overlay-opacity":"","overlay-gradient":""},"mobile":{"background-color":"var(--ast-global-color-4)","background-image":"","background-repeat":"repeat","background-position":"center center","background-size":"auto","background-attachment":"scroll","background-type":"","background-media":"","overlay-type":"","overlay-color":"","overlay-opacity":"","overlay-gradient":""}}},"product_brand":[66],"product_cat":[39],"product_tag":[32,31,53,68],"class_list":{"0":"post-1622","1":"product","2":"type-product","3":"status-publish","4":"has-post-thumbnail","6":"product_brand-gray-and-white","7":"product_cat-polos-t-shirts","8":"product_tag-femme","9":"product_tag-homme","10":"product_tag-polo-t-shirt","11":"product_tag-polyester","12":"desktop-align-center","13":"tablet-align-left","14":"mobile-align-left","16":"first","17":"instock","18":"shipping-taxable","19":"purchasable","20":"product-type-variable"},"acf":[],"yoast_head":"<!-- This site is optimized with the Yoast SEO plugin v27.1.1 - https:\/\/yoast.com\/product\/yoast-seo-wordpress\/ -->\n<title>Polo sport - Gray and White<\/title>\n<meta name=\"description\" content=\"Ce polo accompagne chacun de vos mouvements gr\u00e2ce \u00e0 sa mati\u00e8re extensible et sa coupe dynamique. Il est con\u00e7u dans un tissu \u00e0 s\u00e9chage rapide.\" \/>\n<meta name=\"robots\" content=\"index, follow, max-snippet:-1, max-image-preview:large, max-video-preview:-1\" \/>\n<link rel=\"canonical\" href=\"https:\/\/grayandwhite.fr\/en\/product\/polo-polyester\/\" \/>\n<meta property=\"og:locale\" content=\"en_GB\" \/>\n<meta property=\"og:type\" content=\"article\" \/>\n<meta property=\"og:title\" content=\"Polo sport - Gray and White\" \/>\n<meta property=\"og:description\" content=\"Ce polo accompagne chacun de vos mouvements gr\u00e2ce \u00e0 sa mati\u00e8re extensible et sa coupe dynamique. Il est con\u00e7u dans un tissu \u00e0 s\u00e9chage rapide.\" \/>\n<meta property=\"og:url\" content=\"https:\/\/grayandwhite.fr\/en\/product\/polo-polyester\/\" \/>\n<meta property=\"og:site_name\" content=\"Gray and White\" \/>\n<meta property=\"article:publisher\" content=\"https:\/\/www.facebook.com\/people\/Gray-White\/61581786922229\/\" \/>\n<meta property=\"article:modified_time\" content=\"2026-01-29T17:22:41+00:00\" \/>\n<meta property=\"og:image\" content=\"https:\/\/grayandwhite.fr\/wp-content\/uploads\/2025\/08\/polo-sport-homme-et-femme.jpg.webp\" \/>\n\t<meta property=\"og:image:width\" content=\"720\" \/>\n\t<meta property=\"og:image:height\" content=\"1080\" \/>\n\t<meta property=\"og:image:type\" content=\"image\/webp\" \/>\n<meta name=\"twitter:card\" content=\"summary_large_image\" \/>\n<meta name=\"twitter:label1\" content=\"Estimated reading time\" \/>\n\t<meta name=\"twitter:data1\" content=\"1 minute\" \/>\n<script type=\"application\/ld+json\" class=\"yoast-schema-graph\">{\"@context\":\"https:\/\/schema.org\",\"@graph\":[{\"@type\":\"WebPage\",\"@id\":\"https:\/\/grayandwhite.fr\/product\/polo-polyester\/\",\"url\":\"https:\/\/grayandwhite.fr\/product\/polo-polyester\/\",\"name\":\"Polo sport - Gray and White\",\"isPartOf\":{\"@id\":\"https:\/\/grayandwhite.fr\/#website\"},\"primaryImageOfPage\":{\"@id\":\"https:\/\/grayandwhite.fr\/product\/polo-polyester\/#primaryimage\"},\"image\":{\"@id\":\"https:\/\/grayandwhite.fr\/product\/polo-polyester\/#primaryimage\"},\"thumbnailUrl\":\"https:\/\/grayandwhite.fr\/wp-content\/uploads\/2025\/08\/polo-sport-homme-et-femme.jpg.webp\",\"datePublished\":\"2025-08-21T13:54:21+00:00\",\"dateModified\":\"2026-01-29T17:22:41+00:00\",\"description\":\"Ce polo accompagne chacun de vos mouvements gr\u00e2ce \u00e0 sa mati\u00e8re extensible et sa coupe dynamique. Il est con\u00e7u dans un tissu \u00e0 s\u00e9chage rapide.\",\"breadcrumb\":{\"@id\":\"https:\/\/grayandwhite.fr\/product\/polo-polyester\/#breadcrumb\"},\"inLanguage\":\"en-GB\",\"potentialAction\":[{\"@type\":\"ReadAction\",\"target\":[\"https:\/\/grayandwhite.fr\/product\/polo-polyester\/\"]}]},{\"@type\":\"ImageObject\",\"inLanguage\":\"en-GB\",\"@id\":\"https:\/\/grayandwhite.fr\/product\/polo-polyester\/#primaryimage\",\"url\":\"https:\/\/grayandwhite.fr\/wp-content\/uploads\/2025\/08\/polo-sport-homme-et-femme.jpg.webp\",\"contentUrl\":\"https:\/\/grayandwhite.fr\/wp-content\/uploads\/2025\/08\/polo-sport-homme-et-femme.jpg.webp\",\"width\":720,\"height\":1080,\"caption\":\"polo sport homme et femme\"},{\"@type\":\"BreadcrumbList\",\"@id\":\"https:\/\/grayandwhite.fr\/product\/polo-polyester\/#breadcrumb\",\"itemListElement\":[{\"@type\":\"ListItem\",\"position\":1,\"name\":\"Accueil\",\"item\":\"https:\/\/grayandwhite.fr\/\"},{\"@type\":\"ListItem\",\"position\":2,\"name\":\"Produits\",\"item\":\"https:\/\/grayandwhite.fr\/produits\/\"},{\"@type\":\"ListItem\",\"position\":3,\"name\":\"Polo sport\"}]},{\"@type\":\"WebSite\",\"@id\":\"https:\/\/grayandwhite.fr\/#website\",\"url\":\"https:\/\/grayandwhite.fr\/\",\"name\":\"Gray and White\",\"description\":\"Le style sans compromis, la qualit\u00e9 sans \u00e9gal\",\"publisher\":{\"@id\":\"https:\/\/grayandwhite.fr\/#organization\"},\"potentialAction\":[{\"@type\":\"SearchAction\",\"target\":{\"@type\":\"EntryPoint\",\"urlTemplate\":\"https:\/\/grayandwhite.fr\/?s={search_term_string}\"},\"query-input\":{\"@type\":\"PropertyValueSpecification\",\"valueRequired\":true,\"valueName\":\"search_term_string\"}}],\"inLanguage\":\"en-GB\"},{\"@type\":\"Organization\",\"@id\":\"https:\/\/grayandwhite.fr\/#organization\",\"name\":\"Gray and White\",\"url\":\"https:\/\/grayandwhite.fr\/\",\"logo\":{\"@type\":\"ImageObject\",\"inLanguage\":\"en-GB\",\"@id\":\"https:\/\/grayandwhite.fr\/#\/schema\/logo\/image\/\",\"url\":\"https:\/\/grayandwhite.fr\/wp-content\/uploads\/2025\/06\/logo_graywhite.svg\",\"contentUrl\":\"https:\/\/grayandwhite.fr\/wp-content\/uploads\/2025\/06\/logo_graywhite.svg\",\"width\":84,\"height\":84,\"caption\":\"Gray and White\"},\"image\":{\"@id\":\"https:\/\/grayandwhite.fr\/#\/schema\/logo\/image\/\"},\"sameAs\":[\"https:\/\/www.facebook.com\/people\/Gray-White\/61581786922229\/\",\"https:\/\/www.instagram.com\/grayandwhite93290\"]}]}<\/script>\n<!-- \/ Yoast SEO plugin. -->","yoast_head_json":{"title":"Polo sport - Gray and White","description":"Ce polo accompagne chacun de vos mouvements gr\u00e2ce \u00e0 sa mati\u00e8re extensible et sa coupe dynamique. Il est con\u00e7u dans un tissu \u00e0 s\u00e9chage rapide.","robots":{"index":"index","follow":"follow","max-snippet":"max-snippet:-1","max-image-preview":"max-image-preview:large","max-video-preview":"max-video-preview:-1"},"canonical":"https:\/\/grayandwhite.fr\/en\/product\/polo-polyester\/","og_locale":"en_GB","og_type":"article","og_title":"Polo sport - Gray and White","og_description":"Ce polo accompagne chacun de vos mouvements gr\u00e2ce \u00e0 sa mati\u00e8re extensible et sa coupe dynamique. Il est con\u00e7u dans un tissu \u00e0 s\u00e9chage rapide.","og_url":"https:\/\/grayandwhite.fr\/en\/product\/polo-polyester\/","og_site_name":"Gray and White","article_publisher":"https:\/\/www.facebook.com\/people\/Gray-White\/61581786922229\/","article_modified_time":"2026-01-29T17:22:41+00:00","og_image":[{"width":720,"height":1080,"url":"https:\/\/grayandwhite.fr\/wp-content\/uploads\/2025\/08\/polo-sport-homme-et-femme.jpg.webp","type":"image\/webp"}],"twitter_card":"summary_large_image","twitter_misc":{"Estimated reading time":"1 minute"},"schema":{"@context":"https:\/\/schema.org","@graph":[{"@type":"WebPage","@id":"https:\/\/grayandwhite.fr\/product\/polo-polyester\/","url":"https:\/\/grayandwhite.fr\/product\/polo-polyester\/","name":"Polo sport - Gray and White","isPartOf":{"@id":"https:\/\/grayandwhite.fr\/#website"},"primaryImageOfPage":{"@id":"https:\/\/grayandwhite.fr\/product\/polo-polyester\/#primaryimage"},"image":{"@id":"https:\/\/grayandwhite.fr\/product\/polo-polyester\/#primaryimage"},"thumbnailUrl":"https:\/\/grayandwhite.fr\/wp-content\/uploads\/2025\/08\/polo-sport-homme-et-femme.jpg.webp","datePublished":"2025-08-21T13:54:21+00:00","dateModified":"2026-01-29T17:22:41+00:00","description":"Ce polo accompagne chacun de vos mouvements gr\u00e2ce \u00e0 sa mati\u00e8re extensible et sa coupe dynamique. Il est con\u00e7u dans un tissu \u00e0 s\u00e9chage rapide.","breadcrumb":{"@id":"https:\/\/grayandwhite.fr\/product\/polo-polyester\/#breadcrumb"},"inLanguage":"en-GB","potentialAction":[{"@type":"ReadAction","target":["https:\/\/grayandwhite.fr\/product\/polo-polyester\/"]}]},{"@type":"ImageObject","inLanguage":"en-GB","@id":"https:\/\/grayandwhite.fr\/product\/polo-polyester\/#primaryimage","url":"https:\/\/grayandwhite.fr\/wp-content\/uploads\/2025\/08\/polo-sport-homme-et-femme.jpg.webp","contentUrl":"https:\/\/grayandwhite.fr\/wp-content\/uploads\/2025\/08\/polo-sport-homme-et-femme.jpg.webp","width":720,"height":1080,"caption":"polo sport homme et femme"},{"@type":"BreadcrumbList","@id":"https:\/\/grayandwhite.fr\/product\/polo-polyester\/#breadcrumb","itemListElement":[{"@type":"ListItem","position":1,"name":"Accueil","item":"https:\/\/grayandwhite.fr\/"},{"@type":"ListItem","position":2,"name":"Produits","item":"https:\/\/grayandwhite.fr\/produits\/"},{"@type":"ListItem","position":3,"name":"Polo sport"}]},{"@type":"WebSite","@id":"https:\/\/grayandwhite.fr\/#website","url":"https:\/\/grayandwhite.fr\/","name":"Gray and White","description":"Le style sans compromis, la qualit\u00e9 sans \u00e9gal","publisher":{"@id":"https:\/\/grayandwhite.fr\/#organization"},"potentialAction":[{"@type":"SearchAction","target":{"@type":"EntryPoint","urlTemplate":"https:\/\/grayandwhite.fr\/?s={search_term_string}"},"query-input":{"@type":"PropertyValueSpecification","valueRequired":true,"valueName":"search_term_string"}}],"inLanguage":"en-GB"},{"@type":"Organization","@id":"https:\/\/grayandwhite.fr\/#organization","name":"Gray and White","url":"https:\/\/grayandwhite.fr\/","logo":{"@type":"ImageObject","inLanguage":"en-GB","@id":"https:\/\/grayandwhite.fr\/#\/schema\/logo\/image\/","url":"https:\/\/grayandwhite.fr\/wp-content\/uploads\/2025\/06\/logo_graywhite.svg","contentUrl":"https:\/\/grayandwhite.fr\/wp-content\/uploads\/2025\/06\/logo_graywhite.svg","width":84,"height":84,"caption":"Gray and White"},"image":{"@id":"https:\/\/grayandwhite.fr\/#\/schema\/logo\/image\/"},"sameAs":["https:\/\/www.facebook.com\/people\/Gray-White\/61581786922229\/","https:\/\/www.instagram.com\/grayandwhite93290"]}]}},"_links":{"self":[{"href":"https:\/\/grayandwhite.fr\/en\/wp-json\/wp\/v2\/product\/1622","targetHints":{"allow":["GET"]}}],"collection":[{"href":"https:\/\/grayandwhite.fr\/en\/wp-json\/wp\/v2\/product"}],"about":[{"href":"https:\/\/grayandwhite.fr\/en\/wp-json\/wp\/v2\/types\/product"}],"wp:featuredmedia":[{"embeddable":true,"href":"https:\/\/grayandwhite.fr\/en\/wp-json\/wp\/v2\/media\/2146"}],"wp:attachment":[{"href":"https:\/\/grayandwhite.fr\/en\/wp-json\/wp\/v2\/media?parent=1622"}],"wp:term":[{"taxonomy":"product_brand","embeddable":true,"href":"https:\/\/grayandwhite.fr\/en\/wp-json\/wp\/v2\/product_brand?post=1622"},{"taxonomy":"product_cat","embeddable":true,"href":"https:\/\/grayandwhite.fr\/en\/wp-json\/wp\/v2\/product_cat?post=1622"},{"taxonomy":"product_tag","embeddable":true,"href":"https:\/\/grayandwhite.fr\/en\/wp-json\/wp\/v2\/product_tag?post=1622"}],"curies":[{"name":"wp","href":"https:\/\/api.w.org\/{rel}","templated":true}]}}