{"id":640,"date":"2025-06-11T17:10:34","date_gmt":"2025-06-11T15:10:34","guid":{"rendered":"https:\/\/grayandwhite.fr\/?page_id=640"},"modified":"2025-10-01T14:24:12","modified_gmt":"2025-10-01T12:24:12","slug":"doudounes-homme","status":"publish","type":"page","link":"https:\/\/grayandwhite.fr\/en\/doudounes-homme\/","title":{"rendered":"Doudounes homme"},"content":{"rendered":"<div data-elementor-type=\"wp-page\" data-elementor-id=\"640\" class=\"elementor elementor-640\" data-elementor-post-type=\"page\">\n\t\t\t\t<div class=\"elementor-element elementor-element-b12c57f e-con-full e-flex e-con e-parent\" data-id=\"b12c57f\" data-element_type=\"container\" data-e-type=\"container\" data-settings=\"{&quot;background_background&quot;:&quot;classic&quot;}\">\n\t\t\t\t<div class=\"elementor-element elementor-element-b21bbec elementor-widget elementor-widget-heading\" data-id=\"b21bbec\" data-element_type=\"widget\" data-e-type=\"widget\" data-widget_type=\"heading.default\">\n\t\t\t\t<div class=\"elementor-widget-container\">\n\t\t\t\t\t<h1 class=\"elementor-heading-title elementor-size-default\">MEN PADDED JACKETS<\/h1>\t\t\t\t<\/div>\n\t\t\t\t<\/div>\n\t\t\t\t<\/div>\n\t\t<div class=\"elementor-element elementor-element-7680052 e-flex e-con-boxed e-con e-parent\" data-id=\"7680052\" data-element_type=\"container\" data-e-type=\"container\">\n\t\t\t\t\t<div class=\"e-con-inner\">\n\t\t\t\t<div class=\"elementor-element elementor-element-5d7b1e2 elementor-widget elementor-widget-woocommerce-breadcrumb\" data-id=\"5d7b1e2\" data-element_type=\"widget\" data-e-type=\"widget\" data-widget_type=\"woocommerce-breadcrumb.default\">\n\t\t\t\t<div class=\"elementor-widget-container\">\n\t\t\t\t\t<nav class=\"woocommerce-breadcrumb\" aria-label=\"Breadcrumb\">Clothes<\/nav>\t\t\t\t<\/div>\n\t\t\t\t<\/div>\n\t\t\t\t<div class=\"elementor-element elementor-element-7de8bc7 elementor-widget__width-initial elementor-widget-tablet__width-initial elementor-widget-mobile__width-initial collection elementor-widget elementor-widget-shortcode\" data-id=\"7de8bc7\" data-element_type=\"widget\" data-e-type=\"widget\" data-widget_type=\"shortcode.default\">\n\t\t\t\t<div class=\"elementor-widget-container\">\n\t\t\t\t\t\t\t<div class=\"elementor-shortcode\">\n<div class=\"woocommerce columns-3\"><span class=\"wpfHidden\" data-shortcode-attribute=\"{&quot;limit&quot;:&quot;-1&quot;,&quot;columns&quot;:&quot;3&quot;,&quot;rows&quot;:&quot;&quot;,&quot;orderby&quot;:&quot;date&quot;,&quot;order&quot;:&quot;ASC&quot;,&quot;ids&quot;:&quot;&quot;,&quot;skus&quot;:&quot;&quot;,&quot;category&quot;:&quot;doudounes&quot;,&quot;cat_operator&quot;:&quot;IN&quot;,&quot;attribute&quot;:&quot;&quot;,&quot;terms&quot;:&quot;&quot;,&quot;terms_operator&quot;:&quot;IN&quot;,&quot;tag&quot;:&quot;homme&quot;,&quot;tag_operator&quot;:&quot;IN&quot;,&quot;visibility&quot;:&quot;visible&quot;,&quot;class&quot;:&quot;&quot;,&quot;page&quot;:1,&quot;paginate&quot;:false,&quot;cache&quot;:false}\"><\/span><ul class=\"products columns-3\">\n<li class=\"desktop-align-center tablet-align-left mobile-align-left product type-product post-524 status-publish first instock product_cat-doudounes product_tag-doudoune-homme product_tag-homme has-post-thumbnail shipping-taxable purchasable product-type-variable\">\n\t<a href=\"https:\/\/grayandwhite.fr\/en\/product\/doudoune-sans-manches\/\" class=\"woocommerce-LoopProduct-link woocommerce-loop-product__link\"><img fetchpriority=\"high\" decoding=\"async\" width=\"600\" height=\"600\" src=\"https:\/\/grayandwhite.fr\/wp-content\/uploads\/2025\/06\/homme-doudoune-sans-manches.jpg-600x600.webp\" class=\"attachment-woocommerce_thumbnail size-woocommerce_thumbnail\" alt=\"un homme en doudoune sans manches se prom\u00e8ne\" srcset=\"https:\/\/grayandwhite.fr\/wp-content\/uploads\/2025\/06\/homme-doudoune-sans-manches.jpg-600x600.webp 600w, https:\/\/grayandwhite.fr\/wp-content\/uploads\/2025\/06\/homme-doudoune-sans-manches.jpg-150x150.webp 150w, https:\/\/grayandwhite.fr\/wp-content\/uploads\/2025\/06\/homme-doudoune-sans-manches.jpg-100x100.webp 100w\" sizes=\"(max-width: 600px) 100vw, 600px\" \/><h2 class=\"woocommerce-loop-product__title\">Men's sleeveless down jacket<\/h2>\n\t<span class=\"price\"><span class=\"woocommerce-Price-amount amount\"><bdi>69,99&nbsp;<span class=\"woocommerce-Price-currencySymbol\">&euro;<\/span><\/bdi><\/span><\/span>\n<div class=\"taille-vetements\"><img decoding=\"async\" src=\"\/wp-content\/uploads\/2025\/07\/tailles.png\" alt=\"taille v\u00eatements\" \/><\/div><\/a><a href=\"https:\/\/grayandwhite.fr\/en\/product\/doudoune-sans-manches\/\" data-quantity=\"1\" class=\"ast-on-card-button ast-select-options-trigger product_type_variable add_to_cart_button\" data-product_id=\"524\" data-product_sku=\"\" aria-label=\"Select options for \u201cDoudoune Homme sans manche\u201d\" rel=\"nofollow\" data-no-translation-aria-label=\"\"> <span class=\"ast-card-action-tooltip\"> Select options <\/span> <span class=\"ahfb-svg-iconset\"> <span class=\"ast-icon icon-bag\"><svg xmlns=\"http:\/\/www.w3.org\/2000\/svg\" xmlns:xlink=\"http:\/\/www.w3.org\/1999\/xlink\" version=\"1.1\" id=\"ast-bag-icon-svg\" x=\"0px\" y=\"0px\" width=\"100\" height=\"100\" viewbox=\"826 826 140 140\" enable-background=\"new 826 826 140 140\" xml:space=\"preserve\">\n\t\t\t\t<path d=\"M960.758,934.509l2.632,23.541c0.15,1.403-0.25,2.657-1.203,3.761c-0.953,1.053-2.156,1.579-3.61,1.579H833.424  c-1.454,0-2.657-0.526-3.61-1.579c-0.952-1.104-1.354-2.357-1.203-3.761l2.632-23.541H960.758z M953.763,871.405l6.468,58.29H831.77  l6.468-58.29c0.15-1.203,0.677-2.218,1.58-3.045c0.903-0.827,1.981-1.241,3.234-1.241h19.254v9.627c0,2.658,0.94,4.927,2.82,6.807  s4.149,2.82,6.807,2.82c2.658,0,4.926-0.94,6.807-2.82s2.821-4.149,2.821-6.807v-9.627h28.882v9.627  c0,2.658,0.939,4.927,2.819,6.807c1.881,1.88,4.149,2.82,6.807,2.82s4.927-0.94,6.808-2.82c1.879-1.88,2.82-4.149,2.82-6.807v-9.627  h19.253c1.255,0,2.332,0.414,3.235,1.241C953.086,869.187,953.612,870.202,953.763,871.405z M924.881,857.492v19.254  c0,1.304-0.476,2.432-1.429,3.385s-2.08,1.429-3.385,1.429c-1.303,0-2.432-0.477-3.384-1.429c-0.953-0.953-1.43-2.081-1.43-3.385  v-19.254c0-5.315-1.881-9.853-5.641-13.613c-3.76-3.761-8.298-5.641-13.613-5.641s-9.853,1.88-13.613,5.641  c-3.761,3.76-5.641,8.298-5.641,13.613v19.254c0,1.304-0.476,2.432-1.429,3.385c-0.953,0.953-2.081,1.429-3.385,1.429  c-1.303,0-2.432-0.477-3.384-1.429c-0.953-0.953-1.429-2.081-1.429-3.385v-19.254c0-7.973,2.821-14.779,8.461-20.42  c5.641-5.641,12.448-8.461,20.42-8.461c7.973,0,14.779,2.82,20.42,8.461C922.062,842.712,924.881,849.519,924.881,857.492z\" \/>\n\t\t\t\t<\/svg><\/span> <\/span> <\/a><\/li>\n<li class=\"desktop-align-center tablet-align-left mobile-align-left product type-product post-1936 status-publish instock product_cat-doudounes product_tag-doudoune-homme product_tag-homme has-post-thumbnail shipping-taxable purchasable product-type-variable\">\n\t<a href=\"https:\/\/grayandwhite.fr\/en\/product\/doudoune-homme\/\" class=\"woocommerce-LoopProduct-link woocommerce-loop-product__link\"><img decoding=\"async\" width=\"600\" height=\"600\" src=\"https:\/\/grayandwhite.fr\/wp-content\/uploads\/2025\/07\/homme-en-doudoune-marche-en-montagne-1-600x600.jpg\" class=\"attachment-woocommerce_thumbnail size-woocommerce_thumbnail\" alt=\"un homme en doudoune marche en montagne\" srcset=\"https:\/\/grayandwhite.fr\/wp-content\/uploads\/2025\/07\/homme-en-doudoune-marche-en-montagne-1-600x600.jpg 600w, https:\/\/grayandwhite.fr\/wp-content\/uploads\/2025\/07\/homme-en-doudoune-marche-en-montagne-1-150x150.jpg 150w, https:\/\/grayandwhite.fr\/wp-content\/uploads\/2025\/07\/homme-en-doudoune-marche-en-montagne-1-100x100.jpg 100w\" sizes=\"(max-width: 600px) 100vw, 600px\" \/><h2 class=\"woocommerce-loop-product__title\">Men's down jacket<\/h2>\n\t<span class=\"price\"><span class=\"woocommerce-Price-amount amount\"><bdi>79,99&nbsp;<span class=\"woocommerce-Price-currencySymbol\">&euro;<\/span><\/bdi><\/span><\/span>\n<div class=\"taille-vetements\"><img decoding=\"async\" src=\"\/wp-content\/uploads\/2025\/07\/tailles.png\" alt=\"taille v\u00eatements\" \/><\/div><\/a><a href=\"https:\/\/grayandwhite.fr\/en\/product\/doudoune-homme\/\" data-quantity=\"1\" class=\"ast-on-card-button ast-select-options-trigger product_type_variable add_to_cart_button\" data-product_id=\"1936\" data-product_sku=\"\" aria-label=\"Select options for \u201cDoudoune homme\u201d\" rel=\"nofollow\" data-no-translation-aria-label=\"\"> <span class=\"ast-card-action-tooltip\"> Select options <\/span> <span class=\"ahfb-svg-iconset\"> <span class=\"ast-icon icon-bag\"><svg xmlns=\"http:\/\/www.w3.org\/2000\/svg\" xmlns:xlink=\"http:\/\/www.w3.org\/1999\/xlink\" version=\"1.1\" id=\"ast-bag-icon-svg\" x=\"0px\" y=\"0px\" width=\"100\" height=\"100\" viewbox=\"826 826 140 140\" enable-background=\"new 826 826 140 140\" xml:space=\"preserve\">\n\t\t\t\t<path d=\"M960.758,934.509l2.632,23.541c0.15,1.403-0.25,2.657-1.203,3.761c-0.953,1.053-2.156,1.579-3.61,1.579H833.424  c-1.454,0-2.657-0.526-3.61-1.579c-0.952-1.104-1.354-2.357-1.203-3.761l2.632-23.541H960.758z M953.763,871.405l6.468,58.29H831.77  l6.468-58.29c0.15-1.203,0.677-2.218,1.58-3.045c0.903-0.827,1.981-1.241,3.234-1.241h19.254v9.627c0,2.658,0.94,4.927,2.82,6.807  s4.149,2.82,6.807,2.82c2.658,0,4.926-0.94,6.807-2.82s2.821-4.149,2.821-6.807v-9.627h28.882v9.627  c0,2.658,0.939,4.927,2.819,6.807c1.881,1.88,4.149,2.82,6.807,2.82s4.927-0.94,6.808-2.82c1.879-1.88,2.82-4.149,2.82-6.807v-9.627  h19.253c1.255,0,2.332,0.414,3.235,1.241C953.086,869.187,953.612,870.202,953.763,871.405z M924.881,857.492v19.254  c0,1.304-0.476,2.432-1.429,3.385s-2.08,1.429-3.385,1.429c-1.303,0-2.432-0.477-3.384-1.429c-0.953-0.953-1.43-2.081-1.43-3.385  v-19.254c0-5.315-1.881-9.853-5.641-13.613c-3.76-3.761-8.298-5.641-13.613-5.641s-9.853,1.88-13.613,5.641  c-3.761,3.76-5.641,8.298-5.641,13.613v19.254c0,1.304-0.476,2.432-1.429,3.385c-0.953,0.953-2.081,1.429-3.385,1.429  c-1.303,0-2.432-0.477-3.384-1.429c-0.953-0.953-1.429-2.081-1.429-3.385v-19.254c0-7.973,2.821-14.779,8.461-20.42  c5.641-5.641,12.448-8.461,20.42-8.461c7.973,0,14.779,2.82,20.42,8.461C922.062,842.712,924.881,849.519,924.881,857.492z\" \/>\n\t\t\t\t<\/svg><\/span> <\/span> <\/a><\/li>\n<li class=\"desktop-align-center tablet-align-left mobile-align-left product type-product post-540 status-publish last instock product_cat-doudounes product_tag-doudoune-homme product_tag-homme has-post-thumbnail shipping-taxable purchasable product-type-variable\">\n\t<a href=\"https:\/\/grayandwhite.fr\/en\/product\/doudoune-capuche-homme\/\" class=\"woocommerce-LoopProduct-link woocommerce-loop-product__link\"><img decoding=\"async\" width=\"600\" height=\"600\" src=\"https:\/\/grayandwhite.fr\/wp-content\/uploads\/2025\/08\/homme-doudoune-capuche-scene-rue-1-600x600.jpg\" class=\"attachment-woocommerce_thumbnail size-woocommerce_thumbnail\" alt=\"homme dans une rue portant une doudoune coloris navy blue\" srcset=\"https:\/\/grayandwhite.fr\/wp-content\/uploads\/2025\/08\/homme-doudoune-capuche-scene-rue-1-600x600.jpg 600w, https:\/\/grayandwhite.fr\/wp-content\/uploads\/2025\/08\/homme-doudoune-capuche-scene-rue-1-300x300.jpg 300w, https:\/\/grayandwhite.fr\/wp-content\/uploads\/2025\/08\/homme-doudoune-capuche-scene-rue-1-150x150.jpg 150w, https:\/\/grayandwhite.fr\/wp-content\/uploads\/2025\/08\/homme-doudoune-capuche-scene-rue-1-768x768.jpg 768w, https:\/\/grayandwhite.fr\/wp-content\/uploads\/2025\/08\/homme-doudoune-capuche-scene-rue-1-12x12.jpg 12w, https:\/\/grayandwhite.fr\/wp-content\/uploads\/2025\/08\/homme-doudoune-capuche-scene-rue-1-100x100.jpg 100w, https:\/\/grayandwhite.fr\/wp-content\/uploads\/2025\/08\/homme-doudoune-capuche-scene-rue-1.jpg 1024w\" sizes=\"(max-width: 600px) 100vw, 600px\" \/><h2 class=\"woocommerce-loop-product__title\">Men's hooded padded jacket<\/h2>\n\t<span class=\"price\"><span class=\"woocommerce-Price-amount amount\"><bdi>89,99&nbsp;<span class=\"woocommerce-Price-currencySymbol\">&euro;<\/span><\/bdi><\/span><\/span>\n<div class=\"taille-vetements\"><img decoding=\"async\" src=\"\/wp-content\/uploads\/2025\/07\/tailles.png\" alt=\"taille v\u00eatements\" \/><\/div><\/a><a href=\"https:\/\/grayandwhite.fr\/en\/product\/doudoune-capuche-homme\/\" data-quantity=\"1\" class=\"ast-on-card-button ast-select-options-trigger product_type_variable add_to_cart_button\" data-product_id=\"540\" data-product_sku=\"\" aria-label=\"Select options for \u201cDoudoune capuche Homme\u201d\" rel=\"nofollow\" data-no-translation-aria-label=\"\"> <span class=\"ast-card-action-tooltip\"> Select options <\/span> <span class=\"ahfb-svg-iconset\"> <span class=\"ast-icon icon-bag\"><svg xmlns=\"http:\/\/www.w3.org\/2000\/svg\" xmlns:xlink=\"http:\/\/www.w3.org\/1999\/xlink\" version=\"1.1\" id=\"ast-bag-icon-svg\" x=\"0px\" y=\"0px\" width=\"100\" height=\"100\" viewbox=\"826 826 140 140\" enable-background=\"new 826 826 140 140\" xml:space=\"preserve\">\n\t\t\t\t<path d=\"M960.758,934.509l2.632,23.541c0.15,1.403-0.25,2.657-1.203,3.761c-0.953,1.053-2.156,1.579-3.61,1.579H833.424  c-1.454,0-2.657-0.526-3.61-1.579c-0.952-1.104-1.354-2.357-1.203-3.761l2.632-23.541H960.758z M953.763,871.405l6.468,58.29H831.77  l6.468-58.29c0.15-1.203,0.677-2.218,1.58-3.045c0.903-0.827,1.981-1.241,3.234-1.241h19.254v9.627c0,2.658,0.94,4.927,2.82,6.807  s4.149,2.82,6.807,2.82c2.658,0,4.926-0.94,6.807-2.82s2.821-4.149,2.821-6.807v-9.627h28.882v9.627  c0,2.658,0.939,4.927,2.819,6.807c1.881,1.88,4.149,2.82,6.807,2.82s4.927-0.94,6.808-2.82c1.879-1.88,2.82-4.149,2.82-6.807v-9.627  h19.253c1.255,0,2.332,0.414,3.235,1.241C953.086,869.187,953.612,870.202,953.763,871.405z M924.881,857.492v19.254  c0,1.304-0.476,2.432-1.429,3.385s-2.08,1.429-3.385,1.429c-1.303,0-2.432-0.477-3.384-1.429c-0.953-0.953-1.43-2.081-1.43-3.385  v-19.254c0-5.315-1.881-9.853-5.641-13.613c-3.76-3.761-8.298-5.641-13.613-5.641s-9.853,1.88-13.613,5.641  c-3.761,3.76-5.641,8.298-5.641,13.613v19.254c0,1.304-0.476,2.432-1.429,3.385c-0.953,0.953-2.081,1.429-3.385,1.429  c-1.303,0-2.432-0.477-3.384-1.429c-0.953-0.953-1.429-2.081-1.429-3.385v-19.254c0-7.973,2.821-14.779,8.461-20.42  c5.641-5.641,12.448-8.461,20.42-8.461c7.973,0,14.779,2.82,20.42,8.461C922.062,842.712,924.881,849.519,924.881,857.492z\" \/>\n\t\t\t\t<\/svg><\/span> <\/span> <\/a><\/li>\n<\/ul>\n<\/div>\n<\/div>\n\t\t\t\t\t\t<\/div>\n\t\t\t\t<\/div>\n\t\t\t\t\t<\/div>\n\t\t\t\t<\/div>\n\t\t\t\t<\/div>","protected":false},"excerpt":{"rendered":"<p>MEN PADDED JACKETS<\/p>","protected":false},"author":1,"featured_media":0,"parent":0,"menu_order":0,"comment_status":"closed","ping_status":"closed","template":"","meta":{"_acf_changed":false,"site-sidebar-layout":"no-sidebar","site-content-layout":"","ast-site-content-layout":"full-width-container","site-content-style":"default","site-sidebar-style":"default","ast-global-header-display":"","ast-banner-title-visibility":"","ast-main-header-display":"","ast-hfb-above-header-display":"","ast-hfb-below-header-display":"","ast-hfb-mobile-header-display":"","site-post-title":"disabled","ast-breadcrumbs-content":"","ast-featured-img":"disabled","footer-sml-layout":"","ast-disable-related-posts":"","theme-transparent-header-meta":"","adv-header-id-meta":"","stick-header-meta":"","header-above-stick-meta":"","header-main-stick-meta":"","header-below-stick-meta":"","astra-migrate-meta-layouts":"default","ast-page-background-enabled":"default","ast-page-background-meta":{"desktop":{"background-color":"var(--ast-global-color-5)","background-image":"","background-repeat":"repeat","background-position":"center center","background-size":"auto","background-attachment":"scroll","background-type":"","background-media":"","overlay-type":"","overlay-color":"","overlay-opacity":"","overlay-gradient":""},"tablet":{"background-color":"","background-image":"","background-repeat":"repeat","background-position":"center center","background-size":"auto","background-attachment":"scroll","background-type":"","background-media":"","overlay-type":"","overlay-color":"","overlay-opacity":"","overlay-gradient":""},"mobile":{"background-color":"","background-image":"","background-repeat":"repeat","background-position":"center center","background-size":"auto","background-attachment":"scroll","background-type":"","background-media":"","overlay-type":"","overlay-color":"","overlay-opacity":"","overlay-gradient":""}},"ast-content-background-meta":{"desktop":{"background-color":"var(--ast-global-color-4)","background-image":"","background-repeat":"repeat","background-position":"center center","background-size":"auto","background-attachment":"scroll","background-type":"","background-media":"","overlay-type":"","overlay-color":"","overlay-opacity":"","overlay-gradient":""},"tablet":{"background-color":"var(--ast-global-color-4)","background-image":"","background-repeat":"repeat","background-position":"center center","background-size":"auto","background-attachment":"scroll","background-type":"","background-media":"","overlay-type":"","overlay-color":"","overlay-opacity":"","overlay-gradient":""},"mobile":{"background-color":"var(--ast-global-color-4)","background-image":"","background-repeat":"repeat","background-position":"center center","background-size":"auto","background-attachment":"scroll","background-type":"","background-media":"","overlay-type":"","overlay-color":"","overlay-opacity":"","overlay-gradient":""}},"footnotes":""},"class_list":["post-640","page","type-page","status-publish","hentry"],"acf":[],"yoast_head":"<!-- This site is optimized with the Yoast SEO plugin v27.1.1 - https:\/\/yoast.com\/product\/yoast-seo-wordpress\/ -->\n<title>Doudounes homme - Gray and White<\/title>\n<meta name=\"description\" content=\"Doudounes hommes : v\u00eatements tendance, accessibles et de qualit\u00e9, pens\u00e9s avec soin pour un style unique au quotidien.\" \/>\n<meta name=\"robots\" content=\"index, follow, max-snippet:-1, max-image-preview:large, max-video-preview:-1\" \/>\n<link rel=\"canonical\" href=\"https:\/\/grayandwhite.fr\/en\/doudounes-homme\/\" \/>\n<meta property=\"og:locale\" content=\"en_GB\" \/>\n<meta property=\"og:type\" content=\"article\" \/>\n<meta property=\"og:title\" content=\"Doudounes homme - Gray and White\" \/>\n<meta property=\"og:description\" content=\"Doudounes hommes : v\u00eatements tendance, accessibles et de qualit\u00e9, pens\u00e9s avec soin pour un style unique au quotidien.\" \/>\n<meta property=\"og:url\" content=\"https:\/\/grayandwhite.fr\/en\/doudounes-homme\/\" \/>\n<meta property=\"og:site_name\" content=\"Gray and White\" \/>\n<meta property=\"article:publisher\" content=\"https:\/\/www.facebook.com\/people\/Gray-White\/61581786922229\/\" \/>\n<meta property=\"article:modified_time\" content=\"2025-10-01T12:24:12+00:00\" \/>\n<meta name=\"twitter:card\" content=\"summary_large_image\" \/>\n<meta name=\"twitter:label1\" content=\"Estimated reading time\" \/>\n\t<meta name=\"twitter:data1\" content=\"1 minute\" \/>\n<script type=\"application\/ld+json\" class=\"yoast-schema-graph\">{\"@context\":\"https:\/\/schema.org\",\"@graph\":[{\"@type\":\"WebPage\",\"@id\":\"https:\/\/grayandwhite.fr\/doudounes-homme\/\",\"url\":\"https:\/\/grayandwhite.fr\/doudounes-homme\/\",\"name\":\"Doudounes homme - Gray and White\",\"isPartOf\":{\"@id\":\"https:\/\/grayandwhite.fr\/#website\"},\"datePublished\":\"2025-06-11T15:10:34+00:00\",\"dateModified\":\"2025-10-01T12:24:12+00:00\",\"description\":\"Doudounes hommes : v\u00eatements tendance, accessibles et de qualit\u00e9, pens\u00e9s avec soin pour un style unique au quotidien.\",\"breadcrumb\":{\"@id\":\"https:\/\/grayandwhite.fr\/doudounes-homme\/#breadcrumb\"},\"inLanguage\":\"en-GB\",\"potentialAction\":[{\"@type\":\"ReadAction\",\"target\":[\"https:\/\/grayandwhite.fr\/doudounes-homme\/\"]}]},{\"@type\":\"BreadcrumbList\",\"@id\":\"https:\/\/grayandwhite.fr\/doudounes-homme\/#breadcrumb\",\"itemListElement\":[{\"@type\":\"ListItem\",\"position\":1,\"name\":\"Accueil\",\"item\":\"https:\/\/grayandwhite.fr\/\"},{\"@type\":\"ListItem\",\"position\":2,\"name\":\"Doudounes homme\"}]},{\"@type\":\"WebSite\",\"@id\":\"https:\/\/grayandwhite.fr\/#website\",\"url\":\"https:\/\/grayandwhite.fr\/\",\"name\":\"Gray and White\",\"description\":\"Le style sans compromis, la qualit\u00e9 sans \u00e9gal\",\"publisher\":{\"@id\":\"https:\/\/grayandwhite.fr\/#organization\"},\"potentialAction\":[{\"@type\":\"SearchAction\",\"target\":{\"@type\":\"EntryPoint\",\"urlTemplate\":\"https:\/\/grayandwhite.fr\/?s={search_term_string}\"},\"query-input\":{\"@type\":\"PropertyValueSpecification\",\"valueRequired\":true,\"valueName\":\"search_term_string\"}}],\"inLanguage\":\"en-GB\"},{\"@type\":\"Organization\",\"@id\":\"https:\/\/grayandwhite.fr\/#organization\",\"name\":\"Gray and White\",\"url\":\"https:\/\/grayandwhite.fr\/\",\"logo\":{\"@type\":\"ImageObject\",\"inLanguage\":\"en-GB\",\"@id\":\"https:\/\/grayandwhite.fr\/#\/schema\/logo\/image\/\",\"url\":\"https:\/\/grayandwhite.fr\/wp-content\/uploads\/2025\/06\/logo_graywhite.svg\",\"contentUrl\":\"https:\/\/grayandwhite.fr\/wp-content\/uploads\/2025\/06\/logo_graywhite.svg\",\"width\":84,\"height\":84,\"caption\":\"Gray and White\"},\"image\":{\"@id\":\"https:\/\/grayandwhite.fr\/#\/schema\/logo\/image\/\"},\"sameAs\":[\"https:\/\/www.facebook.com\/people\/Gray-White\/61581786922229\/\",\"https:\/\/www.instagram.com\/grayandwhite93290\"]}]}<\/script>\n<!-- \/ Yoast SEO plugin. -->","yoast_head_json":{"title":"Doudounes homme - Gray and White","description":"Doudounes hommes : v\u00eatements tendance, accessibles et de qualit\u00e9, pens\u00e9s avec soin pour un style unique au quotidien.","robots":{"index":"index","follow":"follow","max-snippet":"max-snippet:-1","max-image-preview":"max-image-preview:large","max-video-preview":"max-video-preview:-1"},"canonical":"https:\/\/grayandwhite.fr\/en\/doudounes-homme\/","og_locale":"en_GB","og_type":"article","og_title":"Doudounes homme - Gray and White","og_description":"Doudounes hommes : v\u00eatements tendance, accessibles et de qualit\u00e9, pens\u00e9s avec soin pour un style unique au quotidien.","og_url":"https:\/\/grayandwhite.fr\/en\/doudounes-homme\/","og_site_name":"Gray and White","article_publisher":"https:\/\/www.facebook.com\/people\/Gray-White\/61581786922229\/","article_modified_time":"2025-10-01T12:24:12+00:00","twitter_card":"summary_large_image","twitter_misc":{"Estimated reading time":"1 minute"},"schema":{"@context":"https:\/\/schema.org","@graph":[{"@type":"WebPage","@id":"https:\/\/grayandwhite.fr\/doudounes-homme\/","url":"https:\/\/grayandwhite.fr\/doudounes-homme\/","name":"Doudounes homme - Gray and White","isPartOf":{"@id":"https:\/\/grayandwhite.fr\/#website"},"datePublished":"2025-06-11T15:10:34+00:00","dateModified":"2025-10-01T12:24:12+00:00","description":"Doudounes hommes : v\u00eatements tendance, accessibles et de qualit\u00e9, pens\u00e9s avec soin pour un style unique au quotidien.","breadcrumb":{"@id":"https:\/\/grayandwhite.fr\/doudounes-homme\/#breadcrumb"},"inLanguage":"en-GB","potentialAction":[{"@type":"ReadAction","target":["https:\/\/grayandwhite.fr\/doudounes-homme\/"]}]},{"@type":"BreadcrumbList","@id":"https:\/\/grayandwhite.fr\/doudounes-homme\/#breadcrumb","itemListElement":[{"@type":"ListItem","position":1,"name":"Accueil","item":"https:\/\/grayandwhite.fr\/"},{"@type":"ListItem","position":2,"name":"Doudounes homme"}]},{"@type":"WebSite","@id":"https:\/\/grayandwhite.fr\/#website","url":"https:\/\/grayandwhite.fr\/","name":"Gray and White","description":"Le style sans compromis, la qualit\u00e9 sans \u00e9gal","publisher":{"@id":"https:\/\/grayandwhite.fr\/#organization"},"potentialAction":[{"@type":"SearchAction","target":{"@type":"EntryPoint","urlTemplate":"https:\/\/grayandwhite.fr\/?s={search_term_string}"},"query-input":{"@type":"PropertyValueSpecification","valueRequired":true,"valueName":"search_term_string"}}],"inLanguage":"en-GB"},{"@type":"Organization","@id":"https:\/\/grayandwhite.fr\/#organization","name":"Gray and White","url":"https:\/\/grayandwhite.fr\/","logo":{"@type":"ImageObject","inLanguage":"en-GB","@id":"https:\/\/grayandwhite.fr\/#\/schema\/logo\/image\/","url":"https:\/\/grayandwhite.fr\/wp-content\/uploads\/2025\/06\/logo_graywhite.svg","contentUrl":"https:\/\/grayandwhite.fr\/wp-content\/uploads\/2025\/06\/logo_graywhite.svg","width":84,"height":84,"caption":"Gray and White"},"image":{"@id":"https:\/\/grayandwhite.fr\/#\/schema\/logo\/image\/"},"sameAs":["https:\/\/www.facebook.com\/people\/Gray-White\/61581786922229\/","https:\/\/www.instagram.com\/grayandwhite93290"]}]}},"_links":{"self":[{"href":"https:\/\/grayandwhite.fr\/en\/wp-json\/wp\/v2\/pages\/640","targetHints":{"allow":["GET"]}}],"collection":[{"href":"https:\/\/grayandwhite.fr\/en\/wp-json\/wp\/v2\/pages"}],"about":[{"href":"https:\/\/grayandwhite.fr\/en\/wp-json\/wp\/v2\/types\/page"}],"author":[{"embeddable":true,"href":"https:\/\/grayandwhite.fr\/en\/wp-json\/wp\/v2\/users\/1"}],"replies":[{"embeddable":true,"href":"https:\/\/grayandwhite.fr\/en\/wp-json\/wp\/v2\/comments?post=640"}],"version-history":[{"count":15,"href":"https:\/\/grayandwhite.fr\/en\/wp-json\/wp\/v2\/pages\/640\/revisions"}],"predecessor-version":[{"id":1966,"href":"https:\/\/grayandwhite.fr\/en\/wp-json\/wp\/v2\/pages\/640\/revisions\/1966"}],"wp:attachment":[{"href":"https:\/\/grayandwhite.fr\/en\/wp-json\/wp\/v2\/media?parent=640"}],"curies":[{"name":"wp","href":"https:\/\/api.w.org\/{rel}","templated":true}]}}