{"id":1173,"date":"2025-07-03T19:03:58","date_gmt":"2025-07-03T17:03:58","guid":{"rendered":"https:\/\/grayandwhite.fr\/?page_id=1173"},"modified":"2025-08-25T13:33:57","modified_gmt":"2025-08-25T11:33:57","slug":"conditions-generales-dutilisation","status":"publish","type":"page","link":"https:\/\/grayandwhite.fr\/en\/conditions-generales-dutilisation\/","title":{"rendered":"Conditions G\u00e9n\u00e9rales d&rsquo;Utilisation"},"content":{"rendered":"<div data-elementor-type=\"wp-page\" data-elementor-id=\"1173\" class=\"elementor elementor-1173\" data-elementor-post-type=\"page\">\n\t\t\t\t<div class=\"elementor-element elementor-element-5e1448f e-flex e-con-boxed e-con e-parent\" data-id=\"5e1448f\" data-element_type=\"container\" data-e-type=\"container\">\n\t\t\t\t\t<div class=\"e-con-inner\">\n\t\t\t\t<div class=\"elementor-element elementor-element-c626aff elementor-widget elementor-widget-heading\" data-id=\"c626aff\" data-element_type=\"widget\" data-e-type=\"widget\" data-widget_type=\"heading.default\">\n\t\t\t\t<div class=\"elementor-widget-container\">\n\t\t\t\t\t<h1 class=\"elementor-heading-title elementor-size-default\">General conditions of use<\/h1>\t\t\t\t<\/div>\n\t\t\t\t<\/div>\n\t\t\t\t<div class=\"elementor-element elementor-element-37a2dea elementor-widget elementor-widget-text-editor\" data-id=\"37a2dea\" data-element_type=\"widget\" data-e-type=\"widget\" data-widget_type=\"text-editor.default\">\n\t\t\t\t<div class=\"elementor-widget-container\">\n\t\t\t\t\t\t\t\t\t<p>Le pr\u00e9sent document a pour objet de d\u00e9finir les modalit\u00e9s et conditions dans lesquelles d\u2019une part, RAIBER SAS , ci-apr\u00e8s d\u00e9nomm\u00e9 l\u2019EDITEUR, met \u00e0 la disposition de ses utilisateurs le site, et les services disponibles sur le site et d\u2019autre part, la mani\u00e8re par laquelle l\u2019utilisateur acc\u00e8de au site et utilise ses services.<\/p><p>Any connection to the site is subject to compliance with these conditions.<\/p><p>For the user, simple access to the PUBLISHER's site at the following URL address https:\/\/www.grayandwhite.fr implies acceptance of all the conditions described below.<\/p>\t\t\t\t\t\t\t\t<\/div>\n\t\t\t\t<\/div>\n\t\t\t\t<div class=\"elementor-element elementor-element-ef2ee3c elementor-widget elementor-widget-heading\" data-id=\"ef2ee3c\" data-element_type=\"widget\" data-e-type=\"widget\" data-widget_type=\"heading.default\">\n\t\t\t\t<div class=\"elementor-widget-container\">\n\t\t\t\t\t<h2 class=\"elementor-heading-title elementor-size-default\">Intellectual property<\/h2>\t\t\t\t<\/div>\n\t\t\t\t<\/div>\n\t\t\t\t<div class=\"elementor-element elementor-element-5356ab2 elementor-widget elementor-widget-text-editor\" data-id=\"5356ab2\" data-element_type=\"widget\" data-e-type=\"widget\" data-widget_type=\"text-editor.default\">\n\t\t\t\t<div class=\"elementor-widget-container\">\n\t\t\t\t\t\t\t\t\t<p>Reproduction of the pages of this site and the iconography is not authorized without authorization from the PUBLISHER.<\/p><p>They cannot be used for commercial or advertising purposes.<\/p>\t\t\t\t\t\t\t\t<\/div>\n\t\t\t\t<\/div>\n\t\t\t\t<div class=\"elementor-element elementor-element-5e6a026 elementor-widget elementor-widget-heading\" data-id=\"5e6a026\" data-element_type=\"widget\" data-e-type=\"widget\" data-widget_type=\"heading.default\">\n\t\t\t\t<div class=\"elementor-widget-container\">\n\t\t\t\t\t<h2 class=\"elementor-heading-title elementor-size-default\">Hyperlinks<\/h2>\t\t\t\t<\/div>\n\t\t\t\t<\/div>\n\t\t\t\t<div class=\"elementor-element elementor-element-d531bfe elementor-widget elementor-widget-text-editor\" data-id=\"d531bfe\" data-element_type=\"widget\" data-e-type=\"widget\" data-widget_type=\"text-editor.default\">\n\t\t\t\t<div class=\"elementor-widget-container\">\n\t\t\t\t\t\t\t\t\t<p>The website www.grayandwhite.fr<span style=\"font-size: 16px;\">\u00a0may contain hypertext links to other sites on the Internet.<\/span><\/p><p>Links to these other resources take you away from the site www.grayandwhite.fr.<\/p><p>It is possible to create a link to the presentation page of this site by requesting permission from the PUBLISHER.<\/p><p>Prior authorization or request for information is required by the publisher with regard to a site which wishes to establish a link to the publisher's site.<\/p><p>However, this site should be displayed in a new browser window.<\/p><p>However, the PUBLISHER reserves the right to request the removal of a link that it considers not to comply with the purpose of the site www.grayandwhite.fr.<\/p>\t\t\t\t\t\t\t\t<\/div>\n\t\t\t\t<\/div>\n\t\t\t\t<div class=\"elementor-element elementor-element-a867b30 elementor-widget elementor-widget-heading\" data-id=\"a867b30\" data-element_type=\"widget\" data-e-type=\"widget\" data-widget_type=\"heading.default\">\n\t\t\t\t<div class=\"elementor-widget-container\">\n\t\t\t\t\t<h2 class=\"elementor-heading-title elementor-size-default\">Publisher's Responsibility<\/h2>\t\t\t\t<\/div>\n\t\t\t\t<\/div>\n\t\t\t\t<div class=\"elementor-element elementor-element-0d53798 elementor-widget elementor-widget-text-editor\" data-id=\"0d53798\" data-element_type=\"widget\" data-e-type=\"widget\" data-widget_type=\"text-editor.default\">\n\t\t\t\t<div class=\"elementor-widget-container\">\n\t\t\t\t\t\t\t\t\t<p>The information and\/or documents appearing on this site and\/or accessible through this site come from sources considered to be reliable.<\/p><p>However, this information and\/or documents may contain technical inaccuracies and typographical errors.<\/p><p>The PUBLISHER reserves the right to correct them as soon as these errors are brought to its attention.<\/p><p>It is strongly recommended to check the accuracy and relevance of the information and\/or documents made available on this site.<\/p><p>The information and\/or documents available on this site are subject to change at any time and may have been updated. In particular, they may have been updated between the time they were downloaded and the time the user becomes aware of them.<\/p><p>The use of the information and\/or documents available on this site is the sole and entire responsibility of the user, who assumes all the consequences that may arise therefrom, without the PUBLISHER being able to be held responsible in this regard, and without recourse against the latter.<\/p><p>The PUBLISHER may not under any circumstances be held liable for any damage of any nature whatsoever resulting from the interpretation or use of the information and\/or documents available on this site.<\/p>\t\t\t\t\t\t\t\t<\/div>\n\t\t\t\t<\/div>\n\t\t\t\t<div class=\"elementor-element elementor-element-a0ee033 elementor-widget elementor-widget-heading\" data-id=\"a0ee033\" data-element_type=\"widget\" data-e-type=\"widget\" data-widget_type=\"heading.default\">\n\t\t\t\t<div class=\"elementor-widget-container\">\n\t\t\t\t\t<h2 class=\"elementor-heading-title elementor-size-default\">Access to the site<\/h2>\t\t\t\t<\/div>\n\t\t\t\t<\/div>\n\t\t\t\t<div class=\"elementor-element elementor-element-1a59d53 elementor-widget elementor-widget-text-editor\" data-id=\"1a59d53\" data-element_type=\"widget\" data-e-type=\"widget\" data-widget_type=\"text-editor.default\">\n\t\t\t\t<div class=\"elementor-widget-container\">\n\t\t\t\t\t\t\t\t\t<p>The publisher strives to provide access to the site 24 hours a day, 7 days a week, except in cases of force majeure or an event beyond the control of the PUBLISHER, and subject to any breakdowns and maintenance work necessary for the proper functioning of the site and services.<\/p><p>Consequently, the PUBLISHER cannot guarantee the availability of the site and\/or services, the reliability of transmissions and performance in terms of response time or quality.<\/p><p>No technical assistance is provided to the user, whether by electronic or telephone means.<\/p><p>The publisher cannot be held liable in the event of inability to access this site and\/or use of the services.<\/p><p>Furthermore, the PUBLISHER may be required to interrupt the site or part of the services, at any time without notice, all without the right to compensation.<\/p><p>The user acknowledges and accepts that the PUBLISHER is not responsible for interruptions, and the consequences that may result for the user or any third party.<\/p>\t\t\t\t\t\t\t\t<\/div>\n\t\t\t\t<\/div>\n\t\t\t\t<div class=\"elementor-element elementor-element-396891d elementor-widget elementor-widget-heading\" data-id=\"396891d\" data-element_type=\"widget\" data-e-type=\"widget\" data-widget_type=\"heading.default\">\n\t\t\t\t<div class=\"elementor-widget-container\">\n\t\t\t\t\t<h2 class=\"elementor-heading-title elementor-size-default\">Modification of the conditions of use<\/h2>\t\t\t\t<\/div>\n\t\t\t\t<\/div>\n\t\t\t\t<div class=\"elementor-element elementor-element-97d69db elementor-widget elementor-widget-text-editor\" data-id=\"97d69db\" data-element_type=\"widget\" data-e-type=\"widget\" data-widget_type=\"text-editor.default\">\n\t\t\t\t<div class=\"elementor-widget-container\">\n\t\t\t\t\t\t\t\t\t<p>The PUBLISHER reserves the right to modify, at any time and without notice, these conditions of use in order to adapt them to developments in the site and\/or its operation.<\/p>\t\t\t\t\t\t\t\t<\/div>\n\t\t\t\t<\/div>\n\t\t\t\t\t<\/div>\n\t\t\t\t<\/div>\n\t\t\t\t<\/div>","protected":false},"excerpt":{"rendered":"<p>conditions g\u00e9n\u00e9rales d&rsquo;utilisation Le pr\u00e9sent document a pour objet de d\u00e9finir les modalit\u00e9s et conditions dans lesquelles d\u2019une part, RAIBER [&hellip;]<\/p>\n","protected":false},"author":1,"featured_media":0,"parent":0,"menu_order":0,"comment_status":"closed","ping_status":"closed","template":"","meta":{"_acf_changed":false,"site-sidebar-layout":"no-sidebar","site-content-layout":"","ast-site-content-layout":"full-width-container","site-content-style":"default","site-sidebar-style":"default","ast-global-header-display":"","ast-banner-title-visibility":"","ast-main-header-display":"","ast-hfb-above-header-display":"","ast-hfb-below-header-display":"","ast-hfb-mobile-header-display":"","site-post-title":"disabled","ast-breadcrumbs-content":"","ast-featured-img":"disabled","footer-sml-layout":"","ast-disable-related-posts":"","theme-transparent-header-meta":"","adv-header-id-meta":"","stick-header-meta":"","header-above-stick-meta":"","header-main-stick-meta":"","header-below-stick-meta":"","astra-migrate-meta-layouts":"default","ast-page-background-enabled":"default","ast-page-background-meta":{"desktop":{"background-color":"var(--ast-global-color-5)","background-image":"","background-repeat":"repeat","background-position":"center center","background-size":"auto","background-attachment":"scroll","background-type":"","background-media":"","overlay-type":"","overlay-color":"","overlay-opacity":"","overlay-gradient":""},"tablet":{"background-color":"","background-image":"","background-repeat":"repeat","background-position":"center center","background-size":"auto","background-attachment":"scroll","background-type":"","background-media":"","overlay-type":"","overlay-color":"","overlay-opacity":"","overlay-gradient":""},"mobile":{"background-color":"","background-image":"","background-repeat":"repeat","background-position":"center center","background-size":"auto","background-attachment":"scroll","background-type":"","background-media":"","overlay-type":"","overlay-color":"","overlay-opacity":"","overlay-gradient":""}},"ast-content-background-meta":{"desktop":{"background-color":"var(--ast-global-color-4)","background-image":"","background-repeat":"repeat","background-position":"center center","background-size":"auto","background-attachment":"scroll","background-type":"","background-media":"","overlay-type":"","overlay-color":"","overlay-opacity":"","overlay-gradient":""},"tablet":{"background-color":"var(--ast-global-color-4)","background-image":"","background-repeat":"repeat","background-position":"center center","background-size":"auto","background-attachment":"scroll","background-type":"","background-media":"","overlay-type":"","overlay-color":"","overlay-opacity":"","overlay-gradient":""},"mobile":{"background-color":"var(--ast-global-color-4)","background-image":"","background-repeat":"repeat","background-position":"center center","background-size":"auto","background-attachment":"scroll","background-type":"","background-media":"","overlay-type":"","overlay-color":"","overlay-opacity":"","overlay-gradient":""}},"footnotes":""},"class_list":["post-1173","page","type-page","status-publish","hentry"],"acf":[],"yoast_head":"<!-- This site is optimized with the Yoast SEO plugin v27.1.1 - https:\/\/yoast.com\/product\/yoast-seo-wordpress\/ -->\n<title>Conditions G\u00e9n\u00e9rales d&#039;Utilisation - Gray and White<\/title>\n<meta name=\"robots\" content=\"index, follow, max-snippet:-1, max-image-preview:large, max-video-preview:-1\" \/>\n<link rel=\"canonical\" href=\"https:\/\/grayandwhite.fr\/en\/conditions-generales-dutilisation\/\" \/>\n<meta property=\"og:locale\" content=\"en_GB\" \/>\n<meta property=\"og:type\" content=\"article\" \/>\n<meta property=\"og:title\" content=\"Conditions G\u00e9n\u00e9rales d&#039;Utilisation - Gray and White\" \/>\n<meta property=\"og:description\" content=\"conditions g\u00e9n\u00e9rales d&rsquo;utilisation Le pr\u00e9sent document a pour objet de d\u00e9finir les modalit\u00e9s et conditions dans lesquelles d\u2019une part, RAIBER [&hellip;]\" \/>\n<meta property=\"og:url\" content=\"https:\/\/grayandwhite.fr\/en\/conditions-generales-dutilisation\/\" \/>\n<meta property=\"og:site_name\" content=\"Gray and White\" \/>\n<meta property=\"article:publisher\" content=\"https:\/\/www.facebook.com\/people\/Gray-White\/61581786922229\/\" \/>\n<meta property=\"article:modified_time\" content=\"2025-08-25T11:33:57+00:00\" \/>\n<meta name=\"twitter:card\" content=\"summary_large_image\" \/>\n<meta name=\"twitter:label1\" content=\"Estimated reading time\" \/>\n\t<meta name=\"twitter:data1\" content=\"4 minutes\" \/>\n<script type=\"application\/ld+json\" class=\"yoast-schema-graph\">{\"@context\":\"https:\/\/schema.org\",\"@graph\":[{\"@type\":\"WebPage\",\"@id\":\"https:\/\/grayandwhite.fr\/conditions-generales-dutilisation\/\",\"url\":\"https:\/\/grayandwhite.fr\/conditions-generales-dutilisation\/\",\"name\":\"Conditions G\u00e9n\u00e9rales d'Utilisation - Gray and White\",\"isPartOf\":{\"@id\":\"https:\/\/grayandwhite.fr\/#website\"},\"datePublished\":\"2025-07-03T17:03:58+00:00\",\"dateModified\":\"2025-08-25T11:33:57+00:00\",\"breadcrumb\":{\"@id\":\"https:\/\/grayandwhite.fr\/conditions-generales-dutilisation\/#breadcrumb\"},\"inLanguage\":\"en-GB\",\"potentialAction\":[{\"@type\":\"ReadAction\",\"target\":[\"https:\/\/grayandwhite.fr\/conditions-generales-dutilisation\/\"]}]},{\"@type\":\"BreadcrumbList\",\"@id\":\"https:\/\/grayandwhite.fr\/conditions-generales-dutilisation\/#breadcrumb\",\"itemListElement\":[{\"@type\":\"ListItem\",\"position\":1,\"name\":\"Accueil\",\"item\":\"https:\/\/grayandwhite.fr\/\"},{\"@type\":\"ListItem\",\"position\":2,\"name\":\"Conditions G\u00e9n\u00e9rales d&rsquo;Utilisation\"}]},{\"@type\":\"WebSite\",\"@id\":\"https:\/\/grayandwhite.fr\/#website\",\"url\":\"https:\/\/grayandwhite.fr\/\",\"name\":\"Gray and White\",\"description\":\"Le style sans compromis, la qualit\u00e9 sans \u00e9gal\",\"publisher\":{\"@id\":\"https:\/\/grayandwhite.fr\/#organization\"},\"potentialAction\":[{\"@type\":\"SearchAction\",\"target\":{\"@type\":\"EntryPoint\",\"urlTemplate\":\"https:\/\/grayandwhite.fr\/?s={search_term_string}\"},\"query-input\":{\"@type\":\"PropertyValueSpecification\",\"valueRequired\":true,\"valueName\":\"search_term_string\"}}],\"inLanguage\":\"en-GB\"},{\"@type\":\"Organization\",\"@id\":\"https:\/\/grayandwhite.fr\/#organization\",\"name\":\"Gray and White\",\"url\":\"https:\/\/grayandwhite.fr\/\",\"logo\":{\"@type\":\"ImageObject\",\"inLanguage\":\"en-GB\",\"@id\":\"https:\/\/grayandwhite.fr\/#\/schema\/logo\/image\/\",\"url\":\"https:\/\/grayandwhite.fr\/wp-content\/uploads\/2025\/06\/logo_graywhite.svg\",\"contentUrl\":\"https:\/\/grayandwhite.fr\/wp-content\/uploads\/2025\/06\/logo_graywhite.svg\",\"width\":84,\"height\":84,\"caption\":\"Gray and White\"},\"image\":{\"@id\":\"https:\/\/grayandwhite.fr\/#\/schema\/logo\/image\/\"},\"sameAs\":[\"https:\/\/www.facebook.com\/people\/Gray-White\/61581786922229\/\",\"https:\/\/www.instagram.com\/grayandwhite93290\"]}]}<\/script>\n<!-- \/ Yoast SEO plugin. -->","yoast_head_json":{"title":"Conditions G\u00e9n\u00e9rales d'Utilisation - Gray and White","robots":{"index":"index","follow":"follow","max-snippet":"max-snippet:-1","max-image-preview":"max-image-preview:large","max-video-preview":"max-video-preview:-1"},"canonical":"https:\/\/grayandwhite.fr\/en\/conditions-generales-dutilisation\/","og_locale":"en_GB","og_type":"article","og_title":"Conditions G\u00e9n\u00e9rales d'Utilisation - Gray and White","og_description":"conditions g\u00e9n\u00e9rales d&rsquo;utilisation Le pr\u00e9sent document a pour objet de d\u00e9finir les modalit\u00e9s et conditions dans lesquelles d\u2019une part, RAIBER [&hellip;]","og_url":"https:\/\/grayandwhite.fr\/en\/conditions-generales-dutilisation\/","og_site_name":"Gray and White","article_publisher":"https:\/\/www.facebook.com\/people\/Gray-White\/61581786922229\/","article_modified_time":"2025-08-25T11:33:57+00:00","twitter_card":"summary_large_image","twitter_misc":{"Estimated reading time":"4 minutes"},"schema":{"@context":"https:\/\/schema.org","@graph":[{"@type":"WebPage","@id":"https:\/\/grayandwhite.fr\/conditions-generales-dutilisation\/","url":"https:\/\/grayandwhite.fr\/conditions-generales-dutilisation\/","name":"Conditions G\u00e9n\u00e9rales d'Utilisation - Gray and White","isPartOf":{"@id":"https:\/\/grayandwhite.fr\/#website"},"datePublished":"2025-07-03T17:03:58+00:00","dateModified":"2025-08-25T11:33:57+00:00","breadcrumb":{"@id":"https:\/\/grayandwhite.fr\/conditions-generales-dutilisation\/#breadcrumb"},"inLanguage":"en-GB","potentialAction":[{"@type":"ReadAction","target":["https:\/\/grayandwhite.fr\/conditions-generales-dutilisation\/"]}]},{"@type":"BreadcrumbList","@id":"https:\/\/grayandwhite.fr\/conditions-generales-dutilisation\/#breadcrumb","itemListElement":[{"@type":"ListItem","position":1,"name":"Accueil","item":"https:\/\/grayandwhite.fr\/"},{"@type":"ListItem","position":2,"name":"Conditions G\u00e9n\u00e9rales d&rsquo;Utilisation"}]},{"@type":"WebSite","@id":"https:\/\/grayandwhite.fr\/#website","url":"https:\/\/grayandwhite.fr\/","name":"Gray and White","description":"Le style sans compromis, la qualit\u00e9 sans \u00e9gal","publisher":{"@id":"https:\/\/grayandwhite.fr\/#organization"},"potentialAction":[{"@type":"SearchAction","target":{"@type":"EntryPoint","urlTemplate":"https:\/\/grayandwhite.fr\/?s={search_term_string}"},"query-input":{"@type":"PropertyValueSpecification","valueRequired":true,"valueName":"search_term_string"}}],"inLanguage":"en-GB"},{"@type":"Organization","@id":"https:\/\/grayandwhite.fr\/#organization","name":"Gray and White","url":"https:\/\/grayandwhite.fr\/","logo":{"@type":"ImageObject","inLanguage":"en-GB","@id":"https:\/\/grayandwhite.fr\/#\/schema\/logo\/image\/","url":"https:\/\/grayandwhite.fr\/wp-content\/uploads\/2025\/06\/logo_graywhite.svg","contentUrl":"https:\/\/grayandwhite.fr\/wp-content\/uploads\/2025\/06\/logo_graywhite.svg","width":84,"height":84,"caption":"Gray and White"},"image":{"@id":"https:\/\/grayandwhite.fr\/#\/schema\/logo\/image\/"},"sameAs":["https:\/\/www.facebook.com\/people\/Gray-White\/61581786922229\/","https:\/\/www.instagram.com\/grayandwhite93290"]}]}},"_links":{"self":[{"href":"https:\/\/grayandwhite.fr\/en\/wp-json\/wp\/v2\/pages\/1173","targetHints":{"allow":["GET"]}}],"collection":[{"href":"https:\/\/grayandwhite.fr\/en\/wp-json\/wp\/v2\/pages"}],"about":[{"href":"https:\/\/grayandwhite.fr\/en\/wp-json\/wp\/v2\/types\/page"}],"author":[{"embeddable":true,"href":"https:\/\/grayandwhite.fr\/en\/wp-json\/wp\/v2\/users\/1"}],"replies":[{"embeddable":true,"href":"https:\/\/grayandwhite.fr\/en\/wp-json\/wp\/v2\/comments?post=1173"}],"version-history":[{"count":13,"href":"https:\/\/grayandwhite.fr\/en\/wp-json\/wp\/v2\/pages\/1173\/revisions"}],"predecessor-version":[{"id":1677,"href":"https:\/\/grayandwhite.fr\/en\/wp-json\/wp\/v2\/pages\/1173\/revisions\/1677"}],"wp:attachment":[{"href":"https:\/\/grayandwhite.fr\/en\/wp-json\/wp\/v2\/media?parent=1173"}],"curies":[{"name":"wp","href":"https:\/\/api.w.org\/{rel}","templated":true}]}}