{"id":1165,"date":"2025-07-03T18:58:18","date_gmt":"2025-07-03T16:58:18","guid":{"rendered":"https:\/\/grayandwhite.fr\/?page_id=1165"},"modified":"2025-08-25T13:49:15","modified_gmt":"2025-08-25T11:49:15","slug":"politique-de-confidentialite","status":"publish","type":"page","link":"https:\/\/grayandwhite.fr\/en\/politique-de-confidentialite\/","title":{"rendered":"Privacy policy"},"content":{"rendered":"<div data-elementor-type=\"wp-page\" data-elementor-id=\"1165\" class=\"elementor elementor-1165\" data-elementor-post-type=\"page\">\n\t\t\t\t<div class=\"elementor-element elementor-element-fce7135 e-con-full e-flex e-con e-parent\" data-id=\"fce7135\" data-element_type=\"container\" data-e-type=\"container\">\n\t\t\t\t<div class=\"elementor-element elementor-element-28a6f11 elementor-widget elementor-widget-heading\" data-id=\"28a6f11\" data-element_type=\"widget\" data-e-type=\"widget\" data-widget_type=\"heading.default\">\n\t\t\t\t<div class=\"elementor-widget-container\">\n\t\t\t\t\t<h1 class=\"elementor-heading-title elementor-size-default\">privacy policy<\/h1>\t\t\t\t<\/div>\n\t\t\t\t<\/div>\n\t\t\t\t<div class=\"elementor-element elementor-element-e3b30e4 elementor-widget elementor-widget-text-editor\" data-id=\"e3b30e4\" data-element_type=\"widget\" data-e-type=\"widget\" data-widget_type=\"text-editor.default\">\n\t\t\t\t<div class=\"elementor-widget-container\">\n\t\t\t\t\t\t\t\t\t<p>www.grayandwhite.fr<\/p><p>ARTICLE 1: PREAMBLE<\/p><p>The purpose of this privacy policy is to inform users of the site:<\/p><ul><li>On how their personal data is collected.<\/li><\/ul><p>Any information that allows a user to be identified is considered personal data.<\/p><p>In this respect, this may include: their first and last names, their age, their postal or email address, their location or even their IP address (non-exhaustive list);<\/p><ul><li>On the rights they have regarding this data;<\/li><li>On the person responsible for processing the personal data collected and processed;<\/li><li>On the recipients of this personal data;<\/li><li>About the site's cookie policy.<\/li><\/ul><p>This policy supplements the legal notices and the General Conditions of Use available to users at the following address:<\/p><p>\u2013 Legal notices: https:\/\/grayandwhite.fr\/mentions-legales\/<\/p><p>\u2013 General conditions of use: https:\/\/grayandwhite.fr\/conditions-generales-dutilisation\/<\/p><p>ARTICLE 2: PRINCIPLES RELATING TO THE COLLECTION AND PROCESSING OF PERSONAL DATA<\/p><p>In accordance with Article 5 of European Regulation 2016\/679, personal data are:<\/p><ul><li>Processed lawfully, fairly and transparently with regard to the data subject;<\/li><li>Collected for specific purposes (see Article 3.1 of these terms), explicit and legitimate, and not to be further processed in a manner incompatible with these purposes;<\/li><li>Adequate, relevant and limited to what is necessary in relation to the purposes for which they are processed;<\/li><li>Accurate and, where necessary, kept up to date.<\/li><\/ul><p>All reasonable steps must be taken to ensure that personal data that are inaccurate, having regard to the purposes for which they are processed, are erased or rectified without delay;<\/p><ul><li>Kept in a form which permits identification of the persons concerned for a period not exceeding that necessary in relation to the purposes for which they are processed;<\/li><li>Processed in a manner that ensures appropriate security of the collected data, including protection against unauthorized or unlawful processing and against accidental loss, destruction or damage, using appropriate technical or organizational measures.<\/li><\/ul><p>Processing shall be lawful only if and to the extent that at least one of the following applies:<\/p><ul><li>The data subject has consented to the processing of his or her personal data for one or more specific purposes;<\/li><li>The processing is necessary for the performance of a contract to which the data subject is party or in order to take steps at the request of the data subject prior to entering into a contract;<\/li><li>The processing is necessary for compliance with a legal obligation to which the controller is subject;<\/li><li>The processing is necessary to protect the vital interests of the data subject or of another natural person;<\/li><li>The processing is necessary for the performance of a task carried out in the public interest or in the exercise of official authority vested in the controller;<\/li><li>Processing is necessary for the purposes of the legitimate interests pursued by the controller or by a third party, except where such interests are overridden by the interests or fundamental rights and freedoms of the data subject which require protection of personal data, in particular where the data subject is a child.<\/li><\/ul><p>ARTICLE 3: PERSONAL DATA COLLECTED AND PROCESSED DURING BROWSING THE SITE<\/p><p>Article 3.1: Data collected<\/p><p>The personal data collected as part of our activity are as follows: Last name, first name, telephone number, email address, IP address.<\/p><p>The collection and processing of this data responds to the following purpose(s):<\/p><p>Response to requests for information, preparation of quotes, invoices, and sending of newsletters.<\/p><p>Article 3.2: Method of data collection<\/p><p>When you use our site, the following data is automatically collected: IP address<\/p><p>Other personal data is collected when you perform the following operations on the platform:<\/p><p>Submitting a form, subscribing to the newsletter<\/p><p>They are kept by the data controller under reasonable security conditions, for a period of: 2 years maximum (unless you request their deletion)<\/p><p>The company may retain certain personal data beyond the periods announced above in order to fulfill its legal or regulatory obligations.<\/p><p>Article 3.3: Data hosting<\/p><p>The website www.grayandwhite.fr is hosted by:<\/p><p>O2SWITCH<\/p><p>Address : Chemin des Pardiaux \u2013 63000 Clermont-Ferrand - FRANCE<\/p><p>Phone : +33 (0)4 44 44 60 40<\/p><p>Article 3.4: Cookies Policy<\/p><p>This site uses cookies so that we can provide you with the best user experience possible.<\/p><p>Cookie information is stored in your browser and performs functions such as recognizing you when you return to our website and helping us understand which sections of the website you find most interesting and useful.<\/p><p>ARTICLE 4: DATA CONTROLLER AND DATA PROTECTION OFFICER<\/p><p>Article 4.1 :<\/p><p>Le responsable du traitement des donn\u00e9es Les donn\u00e9es \u00e0 caract\u00e8re personnelles sont collect\u00e9es par RAIBER SAS &#8211;\u00a015, rue du Sausset (lot 25) 93290 TREMBLAY EN FRANCE &#8211; FRANCE<\/p><p>dont le num\u00e9ro d\u2019immatriculation est : Cr\u00e9teil B 941071151.<\/p><p>The person responsible for processing personal data can be contacted as follows:<\/p><p>Par courrier \u00e0 l\u2019adresse : 15, rue du Sausset (lot 25) 93290 TREMBLAY EN FRANCE<\/p><p>Par t\u00e9l\u00e9phone, au : +33 7 49 27 28 96<\/p><p>By email:<\/p><p>Article 4.2 :<\/p><p>The Data Protection Officer The Data Protection Officer of the company or the manager is: <span style=\"font-size: 16px;\">M. Emmanuel ITIE\u00a0<br \/><\/span>\u00a0e-mail : contact@grayandwhite.fr<\/p><p>If, after contacting us, you believe that your \u201cData Protection and Freedom of Information\u201d rights have not been respected, you can send information to the CNIL.<\/p><p>ARTICLE 5: USER RIGHTS REGARDING DATA COLLECTION AND PROCESSING<\/p><p>Any user concerned by the processing of their personal data may exercise the following rights, in application of European regulation 2016\/679 and the Data Protection Act (Law 78-17 of January 6, 1978):<\/p><ul><li>Right of access, rectification and right to erasure of data (set out respectively in articles 15, 16 and 17 of the GDPR);<\/li><li>Right to data portability (Article 20 of the GDPR);<\/li><li>Right to restriction (Article 18 of the GDPR) and to object to data processing (Article 21 of the GDPR);<\/li><li>Right not to be subject to a decision based exclusively on an automated process;<\/li><li>Right to determine the fate of data after death;<\/li><li>Right to lodge a complaint with the competent supervisory authority (Article 77 of the GDPR).<\/li><\/ul><p>Pour exercer vos droits, veuillez adresser votre courrier \u00e0 RAIBER SAS 15, rue du Sausset (lot 25) &#8211;\u00a0 93290 TREMBLAY EN FRANCE ou par mail \u00e0 : contact@grayandwhite.fr<\/p><p>In order for the data controller to comply with his request, the user may be required to provide him with certain information such as:<\/p><p>his first and last names, his email address and his telephone number.<\/p><p>Visit cnil.fr for more information on your rights.<\/p><p>ARTICLE 6: CONDITIONS FOR MODIFICATION OF THE PRIVACY POLICY<\/p><p>The publisher of the site www.grayandwhite.fr reserves the right to modify this Policy at any time in order to ensure that users of the site comply with current law.<\/p><p>The user is invited to read this Policy each time he uses our services, without it being necessary to formally notify him.<\/p>\t\t\t\t\t\t\t\t<\/div>\n\t\t\t\t<\/div>\n\t\t\t\t<\/div>\n\t\t\t\t<\/div>","protected":false},"excerpt":{"rendered":"<p>politique de confidentialit\u00e9 www.grayandwhite.fr ARTICLE 1 : PR\u00c9AMBULE La pr\u00e9sente politique de confidentialit\u00e9 a pour but d\u2019informer les utilisateurs du [&hellip;]<\/p>\n","protected":false},"author":1,"featured_media":0,"parent":0,"menu_order":0,"comment_status":"closed","ping_status":"closed","template":"","meta":{"_acf_changed":false,"site-sidebar-layout":"no-sidebar","site-content-layout":"","ast-site-content-layout":"full-width-container","site-content-style":"default","site-sidebar-style":"default","ast-global-header-display":"","ast-banner-title-visibility":"","ast-main-header-display":"","ast-hfb-above-header-display":"","ast-hfb-below-header-display":"","ast-hfb-mobile-header-display":"","site-post-title":"disabled","ast-breadcrumbs-content":"","ast-featured-img":"disabled","footer-sml-layout":"","ast-disable-related-posts":"","theme-transparent-header-meta":"","adv-header-id-meta":"","stick-header-meta":"","header-above-stick-meta":"","header-main-stick-meta":"","header-below-stick-meta":"","astra-migrate-meta-layouts":"default","ast-page-background-enabled":"default","ast-page-background-meta":{"desktop":{"background-color":"var(--ast-global-color-5)","background-image":"","background-repeat":"repeat","background-position":"center center","background-size":"auto","background-attachment":"scroll","background-type":"","background-media":"","overlay-type":"","overlay-color":"","overlay-opacity":"","overlay-gradient":""},"tablet":{"background-color":"","background-image":"","background-repeat":"repeat","background-position":"center center","background-size":"auto","background-attachment":"scroll","background-type":"","background-media":"","overlay-type":"","overlay-color":"","overlay-opacity":"","overlay-gradient":""},"mobile":{"background-color":"","background-image":"","background-repeat":"repeat","background-position":"center center","background-size":"auto","background-attachment":"scroll","background-type":"","background-media":"","overlay-type":"","overlay-color":"","overlay-opacity":"","overlay-gradient":""}},"ast-content-background-meta":{"desktop":{"background-color":"var(--ast-global-color-4)","background-image":"","background-repeat":"repeat","background-position":"center center","background-size":"auto","background-attachment":"scroll","background-type":"","background-media":"","overlay-type":"","overlay-color":"","overlay-opacity":"","overlay-gradient":""},"tablet":{"background-color":"var(--ast-global-color-4)","background-image":"","background-repeat":"repeat","background-position":"center center","background-size":"auto","background-attachment":"scroll","background-type":"","background-media":"","overlay-type":"","overlay-color":"","overlay-opacity":"","overlay-gradient":""},"mobile":{"background-color":"var(--ast-global-color-4)","background-image":"","background-repeat":"repeat","background-position":"center center","background-size":"auto","background-attachment":"scroll","background-type":"","background-media":"","overlay-type":"","overlay-color":"","overlay-opacity":"","overlay-gradient":""}},"footnotes":""},"class_list":["post-1165","page","type-page","status-publish","hentry"],"acf":[],"yoast_head":"<!-- This site is optimized with the Yoast SEO plugin v27.1.1 - https:\/\/yoast.com\/product\/yoast-seo-wordpress\/ -->\n<title>Politique de confidentialit\u00e9 - Gray and White<\/title>\n<meta name=\"robots\" content=\"index, follow, max-snippet:-1, max-image-preview:large, max-video-preview:-1\" \/>\n<link rel=\"canonical\" href=\"https:\/\/grayandwhite.fr\/en\/politique-de-confidentialite\/\" \/>\n<meta property=\"og:locale\" content=\"en_GB\" \/>\n<meta property=\"og:type\" content=\"article\" \/>\n<meta property=\"og:title\" content=\"Politique de confidentialit\u00e9 - Gray and White\" \/>\n<meta property=\"og:description\" content=\"politique de confidentialit\u00e9 www.grayandwhite.fr ARTICLE 1 : PR\u00c9AMBULE La pr\u00e9sente politique de confidentialit\u00e9 a pour but d\u2019informer les utilisateurs du [&hellip;]\" \/>\n<meta property=\"og:url\" content=\"https:\/\/grayandwhite.fr\/en\/politique-de-confidentialite\/\" \/>\n<meta property=\"og:site_name\" content=\"Gray and White\" \/>\n<meta property=\"article:publisher\" content=\"https:\/\/www.facebook.com\/people\/Gray-White\/61581786922229\/\" \/>\n<meta property=\"article:modified_time\" content=\"2025-08-25T11:49:15+00:00\" \/>\n<meta name=\"twitter:card\" content=\"summary_large_image\" \/>\n<meta name=\"twitter:label1\" content=\"Estimated reading time\" \/>\n\t<meta name=\"twitter:data1\" content=\"7 minutes\" \/>\n<script type=\"application\/ld+json\" class=\"yoast-schema-graph\">{\"@context\":\"https:\/\/schema.org\",\"@graph\":[{\"@type\":\"WebPage\",\"@id\":\"https:\/\/grayandwhite.fr\/politique-de-confidentialite\/\",\"url\":\"https:\/\/grayandwhite.fr\/politique-de-confidentialite\/\",\"name\":\"Politique de confidentialit\u00e9 - Gray and White\",\"isPartOf\":{\"@id\":\"https:\/\/grayandwhite.fr\/#website\"},\"datePublished\":\"2025-07-03T16:58:18+00:00\",\"dateModified\":\"2025-08-25T11:49:15+00:00\",\"breadcrumb\":{\"@id\":\"https:\/\/grayandwhite.fr\/politique-de-confidentialite\/#breadcrumb\"},\"inLanguage\":\"en-GB\",\"potentialAction\":[{\"@type\":\"ReadAction\",\"target\":[\"https:\/\/grayandwhite.fr\/politique-de-confidentialite\/\"]}]},{\"@type\":\"BreadcrumbList\",\"@id\":\"https:\/\/grayandwhite.fr\/politique-de-confidentialite\/#breadcrumb\",\"itemListElement\":[{\"@type\":\"ListItem\",\"position\":1,\"name\":\"Accueil\",\"item\":\"https:\/\/grayandwhite.fr\/\"},{\"@type\":\"ListItem\",\"position\":2,\"name\":\"Politique de confidentialit\u00e9\"}]},{\"@type\":\"WebSite\",\"@id\":\"https:\/\/grayandwhite.fr\/#website\",\"url\":\"https:\/\/grayandwhite.fr\/\",\"name\":\"Gray and White\",\"description\":\"Le style sans compromis, la qualit\u00e9 sans \u00e9gal\",\"publisher\":{\"@id\":\"https:\/\/grayandwhite.fr\/#organization\"},\"potentialAction\":[{\"@type\":\"SearchAction\",\"target\":{\"@type\":\"EntryPoint\",\"urlTemplate\":\"https:\/\/grayandwhite.fr\/?s={search_term_string}\"},\"query-input\":{\"@type\":\"PropertyValueSpecification\",\"valueRequired\":true,\"valueName\":\"search_term_string\"}}],\"inLanguage\":\"en-GB\"},{\"@type\":\"Organization\",\"@id\":\"https:\/\/grayandwhite.fr\/#organization\",\"name\":\"Gray and White\",\"url\":\"https:\/\/grayandwhite.fr\/\",\"logo\":{\"@type\":\"ImageObject\",\"inLanguage\":\"en-GB\",\"@id\":\"https:\/\/grayandwhite.fr\/#\/schema\/logo\/image\/\",\"url\":\"https:\/\/grayandwhite.fr\/wp-content\/uploads\/2025\/06\/logo_graywhite.svg\",\"contentUrl\":\"https:\/\/grayandwhite.fr\/wp-content\/uploads\/2025\/06\/logo_graywhite.svg\",\"width\":84,\"height\":84,\"caption\":\"Gray and White\"},\"image\":{\"@id\":\"https:\/\/grayandwhite.fr\/#\/schema\/logo\/image\/\"},\"sameAs\":[\"https:\/\/www.facebook.com\/people\/Gray-White\/61581786922229\/\",\"https:\/\/www.instagram.com\/grayandwhite93290\"]}]}<\/script>\n<!-- \/ Yoast SEO plugin. -->","yoast_head_json":{"title":"Politique de confidentialit\u00e9 - Gray and White","robots":{"index":"index","follow":"follow","max-snippet":"max-snippet:-1","max-image-preview":"max-image-preview:large","max-video-preview":"max-video-preview:-1"},"canonical":"https:\/\/grayandwhite.fr\/en\/politique-de-confidentialite\/","og_locale":"en_GB","og_type":"article","og_title":"Politique de confidentialit\u00e9 - Gray and White","og_description":"politique de confidentialit\u00e9 www.grayandwhite.fr ARTICLE 1 : PR\u00c9AMBULE La pr\u00e9sente politique de confidentialit\u00e9 a pour but d\u2019informer les utilisateurs du [&hellip;]","og_url":"https:\/\/grayandwhite.fr\/en\/politique-de-confidentialite\/","og_site_name":"Gray and White","article_publisher":"https:\/\/www.facebook.com\/people\/Gray-White\/61581786922229\/","article_modified_time":"2025-08-25T11:49:15+00:00","twitter_card":"summary_large_image","twitter_misc":{"Estimated reading time":"7 minutes"},"schema":{"@context":"https:\/\/schema.org","@graph":[{"@type":"WebPage","@id":"https:\/\/grayandwhite.fr\/politique-de-confidentialite\/","url":"https:\/\/grayandwhite.fr\/politique-de-confidentialite\/","name":"Politique de confidentialit\u00e9 - Gray and White","isPartOf":{"@id":"https:\/\/grayandwhite.fr\/#website"},"datePublished":"2025-07-03T16:58:18+00:00","dateModified":"2025-08-25T11:49:15+00:00","breadcrumb":{"@id":"https:\/\/grayandwhite.fr\/politique-de-confidentialite\/#breadcrumb"},"inLanguage":"en-GB","potentialAction":[{"@type":"ReadAction","target":["https:\/\/grayandwhite.fr\/politique-de-confidentialite\/"]}]},{"@type":"BreadcrumbList","@id":"https:\/\/grayandwhite.fr\/politique-de-confidentialite\/#breadcrumb","itemListElement":[{"@type":"ListItem","position":1,"name":"Accueil","item":"https:\/\/grayandwhite.fr\/"},{"@type":"ListItem","position":2,"name":"Politique de confidentialit\u00e9"}]},{"@type":"WebSite","@id":"https:\/\/grayandwhite.fr\/#website","url":"https:\/\/grayandwhite.fr\/","name":"Gray and White","description":"Le style sans compromis, la qualit\u00e9 sans \u00e9gal","publisher":{"@id":"https:\/\/grayandwhite.fr\/#organization"},"potentialAction":[{"@type":"SearchAction","target":{"@type":"EntryPoint","urlTemplate":"https:\/\/grayandwhite.fr\/?s={search_term_string}"},"query-input":{"@type":"PropertyValueSpecification","valueRequired":true,"valueName":"search_term_string"}}],"inLanguage":"en-GB"},{"@type":"Organization","@id":"https:\/\/grayandwhite.fr\/#organization","name":"Gray and White","url":"https:\/\/grayandwhite.fr\/","logo":{"@type":"ImageObject","inLanguage":"en-GB","@id":"https:\/\/grayandwhite.fr\/#\/schema\/logo\/image\/","url":"https:\/\/grayandwhite.fr\/wp-content\/uploads\/2025\/06\/logo_graywhite.svg","contentUrl":"https:\/\/grayandwhite.fr\/wp-content\/uploads\/2025\/06\/logo_graywhite.svg","width":84,"height":84,"caption":"Gray and White"},"image":{"@id":"https:\/\/grayandwhite.fr\/#\/schema\/logo\/image\/"},"sameAs":["https:\/\/www.facebook.com\/people\/Gray-White\/61581786922229\/","https:\/\/www.instagram.com\/grayandwhite93290"]}]}},"_links":{"self":[{"href":"https:\/\/grayandwhite.fr\/en\/wp-json\/wp\/v2\/pages\/1165","targetHints":{"allow":["GET"]}}],"collection":[{"href":"https:\/\/grayandwhite.fr\/en\/wp-json\/wp\/v2\/pages"}],"about":[{"href":"https:\/\/grayandwhite.fr\/en\/wp-json\/wp\/v2\/types\/page"}],"author":[{"embeddable":true,"href":"https:\/\/grayandwhite.fr\/en\/wp-json\/wp\/v2\/users\/1"}],"replies":[{"embeddable":true,"href":"https:\/\/grayandwhite.fr\/en\/wp-json\/wp\/v2\/comments?post=1165"}],"version-history":[{"count":13,"href":"https:\/\/grayandwhite.fr\/en\/wp-json\/wp\/v2\/pages\/1165\/revisions"}],"predecessor-version":[{"id":1681,"href":"https:\/\/grayandwhite.fr\/en\/wp-json\/wp\/v2\/pages\/1165\/revisions\/1681"}],"wp:attachment":[{"href":"https:\/\/grayandwhite.fr\/en\/wp-json\/wp\/v2\/media?parent=1165"}],"curies":[{"name":"wp","href":"https:\/\/api.w.org\/{rel}","templated":true}]}}